{"id":1743,"date":"2021-01-11T12:37:13","date_gmt":"2021-01-11T17:37:13","guid":{"rendered":"https:\/\/techness.pe\/cenesam\/?page_id=1743"},"modified":"2021-01-11T12:52:23","modified_gmt":"2021-01-11T17:52:23","slug":"noticias","status":"publish","type":"page","link":"https:\/\/www.cenesamperu.pe\/formacion-academica\/noticias\/","title":{"rendered":"Noticias"},"content":{"rendered":"\n<div class=\"slider-wrapper relative\" id=\"slider-1784992974\" >\n    <div class=\"slider slider-type-fade slider-nav-circle slider-nav-large slider-nav-light slider-style-normal\"\n        data-flickity-options='{\n            \"cellAlign\": \"center\",\n            \"imagesLoaded\": true,\n            \"lazyLoad\": 1,\n            \"freeScroll\": false,\n            \"wrapAround\": false,\n            \"autoPlay\": 6000,\n            \"pauseAutoPlayOnHover\" : true,\n            \"prevNextButtons\": false,\n            \"contain\" : true,\n            \"adaptiveHeight\" : true,\n            \"dragThreshold\" : 10,\n            \"percentPosition\": true,\n            \"pageDots\": false,\n            \"rightToLeft\": false,\n            \"draggable\": false,\n            \"selectedAttraction\": 0.1,\n            \"parallax\" : 0,\n            \"friction\": 0.6        }'\n        >\n        \n\n\n  <div class=\"banner has-hover\" id=\"banner-1299303395\">\n          <div class=\"banner-inner fill\">\n        <div class=\"banner-bg fill\" >\n            <div class=\"bg fill bg-fill bg-loaded\"><\/div>\n                                    \n                    <\/div>\n        <div class=\"banner-layers container\">\n            <div class=\"fill banner-link\"><\/div>            \n\n   <div id=\"text-box-920115553\" class=\"text-box banner-layer x50 md-x50 lg-x50 y50 md-y50 lg-y50 res-text\">\n                                <div class=\"text dark\">\n              \n              <div class=\"text-inner text-center\">\n                  \n\n<h3 class=\"uppercase\"><strong>Noticias<\/strong><\/h3>\n\n              <\/div>\n           <\/div>\n                            \n<style>\n#text-box-920115553 {\n  width: 60%;\n}\n#text-box-920115553 .text {\n  font-size: 100%;\n}\n<\/style>\n    <\/div>\n \n\n        <\/div>\n      <\/div>\n\n            \n<style>\n#banner-1299303395 {\n  padding-top: 200px;\n}\n<\/style>\n  <\/div>\n\n\n\n     <\/div>\n\n     <div class=\"loading-spin dark large centered\"><\/div>\n\n     <\/div>\n\n\n\t<section class=\"section\" id=\"section_214938387\">\n\t\t<div class=\"bg section-bg fill bg-fill bg-loaded bg-loaded\" >\n\n\t\t\t\n\t\t\t\n\t\t\t\n\n\t\t<\/div>\n\n\t\t<div class=\"section-content relative\">\n\t\t\t\n\n\n  \n    <div class=\"row large-columns-3 medium-columns-1 small-columns-1 slider row-slider slider-nav-reveal slider-nav-push\"  data-flickity-options='{\"imagesLoaded\": true, \"groupCells\": \"100%\", \"dragThreshold\" : 5, \"cellAlign\": \"left\",\"wrapAround\": true,\"prevNextButtons\": true,\"percentPosition\": true,\"pageDots\": false, \"rightToLeft\": false, \"autoPlay\" : false}'>\n\n  \t\t<div class=\"col post-item\" >\n\t\t\t<div class=\"col-inner\">\n\t\t\t<a href=\"https:\/\/www.cenesamperu.pe\/formacion-academica\/economia-circular-empresarial\/\" class=\"plain\">\n\t\t\t\t<div class=\"box box-normal box-text-bottom box-blog-post has-hover\">\n            \t\t\t\t\t<div class=\"box-image\" >\n  \t\t\t\t\t\t<div class=\"image-cover\" style=\"padding-top:56.25%;\">\n  \t\t\t\t\t\t\t<img fetchpriority=\"high\" decoding=\"async\" width=\"300\" height=\"284\" src=\"https:\/\/www.cenesamperu.pe\/formacion-academica\/wp-content\/uploads\/2023\/08\/image-300x284.png\" class=\"attachment-medium size-medium wp-post-image\" alt=\"\" srcset=\"https:\/\/www.cenesamperu.pe\/formacion-academica\/wp-content\/uploads\/2023\/08\/image-300x284.png 300w, https:\/\/www.cenesamperu.pe\/formacion-academica\/wp-content\/uploads\/2023\/08\/image-600x568.png 600w, https:\/\/www.cenesamperu.pe\/formacion-academica\/wp-content\/uploads\/2023\/08\/image.png 739w\" sizes=\"(max-width: 300px) 100vw, 300px\" \/>  \t\t\t\t\t\t\t  \t\t\t\t\t\t\t  \t\t\t\t\t\t<\/div>\n  \t\t\t\t\t\t  \t\t\t\t\t<\/div>\n          \t\t\t\t\t<div class=\"box-text text-center\" >\n\t\t\t\t\t<div class=\"box-text-inner blog-post-inner\">\n\n\t\t\t\t\t\n\t\t\t\t\t\t\t\t\t\t<h5 class=\"post-title is-large \">ECONOM\u00cdA CIRCULAR EMPRESARIAL<\/h5>\n\t\t\t\t\t\t\t\t\t\t<div class=\"is-divider\"><\/div>\n\t\t\t\t\t\t\t\t\t\t<p class=\"from_the_blog_excerpt \">Definici\u00f3n \u201cEs un modelo econ\u00f3mico&nbsp;(Andaluc\u00eda, 2023) que busca diferentes opciones de aprovechamiento de los recursos [...]\t\t\t\t\t<\/p>\n\t\t\t\t\t                    \n\t\t\t\t\t\t\t\t\t\t\t<button href=\"https:\/\/www.cenesamperu.pe\/formacion-academica\/economia-circular-empresarial\/\" class=\"button primary is-bevel is-small mb-0\">\n\t\t\t\t\t\t\tVer m\u00e1s...\t\t\t\t\t\t<\/button>\n\t\t\t\t\t\n\t\t\t\t\t\n\t\t\t\t\t<\/div>\n\t\t\t\t\t<\/div>\n\t\t\t\t\t\t\t\t\t\t\t\t\t\t\t\t<div class=\"badge absolute top post-date badge-outline\">\n\t\t\t\t\t\t\t<div class=\"badge-inner\">\n\t\t\t\t\t\t\t\t<span class=\"post-date-day\">23<\/span><br>\n\t\t\t\t\t\t\t\t<span class=\"post-date-month is-xsmall\">Ago<\/span>\n\t\t\t\t\t\t\t<\/div>\n\t\t\t\t\t\t<\/div>\n\t\t\t\t\t\t\t\t\t<\/div>\n\t\t\t\t<\/a>\n\t\t\t<\/div>\n\t\t<\/div>\n\t\t<div class=\"col post-item\" >\n\t\t\t<div class=\"col-inner\">\n\t\t\t<a href=\"https:\/\/www.cenesamperu.pe\/formacion-academica\/muestreador-de-gases-atmosfericos\/\" class=\"plain\">\n\t\t\t\t<div class=\"box box-normal box-text-bottom box-blog-post has-hover\">\n            \t\t\t\t\t<div class=\"box-image\" >\n  \t\t\t\t\t\t<div class=\"image-cover\" style=\"padding-top:56.25%;\">\n  \t\t\t\t\t\t\t<img decoding=\"async\" width=\"300\" height=\"171\" src=\"https:\/\/www.cenesamperu.pe\/formacion-academica\/wp-content\/uploads\/2022\/08\/MGA1-300x171.jpeg\" class=\"attachment-medium size-medium wp-post-image\" alt=\"\" srcset=\"https:\/\/www.cenesamperu.pe\/formacion-academica\/wp-content\/uploads\/2022\/08\/MGA1-300x171.jpeg 300w, https:\/\/www.cenesamperu.pe\/formacion-academica\/wp-content\/uploads\/2022\/08\/MGA1-1024x584.jpeg 1024w, https:\/\/www.cenesamperu.pe\/formacion-academica\/wp-content\/uploads\/2022\/08\/MGA1-768x438.jpeg 768w, https:\/\/www.cenesamperu.pe\/formacion-academica\/wp-content\/uploads\/2022\/08\/MGA1-600x342.jpeg 600w, https:\/\/www.cenesamperu.pe\/formacion-academica\/wp-content\/uploads\/2022\/08\/MGA1.jpeg 1396w\" sizes=\"(max-width: 300px) 100vw, 300px\" \/>  \t\t\t\t\t\t\t  \t\t\t\t\t\t\t  \t\t\t\t\t\t<\/div>\n  \t\t\t\t\t\t  \t\t\t\t\t<\/div>\n          \t\t\t\t\t<div class=\"box-text text-center\" >\n\t\t\t\t\t<div class=\"box-text-inner blog-post-inner\">\n\n\t\t\t\t\t\n\t\t\t\t\t\t\t\t\t\t<h5 class=\"post-title is-large \">MUESTREADOR DE GASES ATMOSF\u00c9RICOS<\/h5>\n\t\t\t\t\t\t\t\t\t\t<div class=\"is-divider\"><\/div>\n\t\t\t\t\t\t\t\t\t\t<p class=\"from_the_blog_excerpt \">Autor: Roldan Quispe Solano El Muestreador de Gases Atmosf\u00e9ricos (MGA), conocido como tren de muestreo. [...]\t\t\t\t\t<\/p>\n\t\t\t\t\t                                            <p class=\"from_the_blog_comments uppercase is-xsmall\">\n                            1 Comment                        <\/p>\n                    \n\t\t\t\t\t\t\t\t\t\t\t<button href=\"https:\/\/www.cenesamperu.pe\/formacion-academica\/muestreador-de-gases-atmosfericos\/\" class=\"button primary is-bevel is-small mb-0\">\n\t\t\t\t\t\t\tVer m\u00e1s...\t\t\t\t\t\t<\/button>\n\t\t\t\t\t\n\t\t\t\t\t\n\t\t\t\t\t<\/div>\n\t\t\t\t\t<\/div>\n\t\t\t\t\t\t\t\t\t\t\t\t\t\t\t\t<div class=\"badge absolute top post-date badge-outline\">\n\t\t\t\t\t\t\t<div class=\"badge-inner\">\n\t\t\t\t\t\t\t\t<span class=\"post-date-day\">27<\/span><br>\n\t\t\t\t\t\t\t\t<span class=\"post-date-month is-xsmall\">Ago<\/span>\n\t\t\t\t\t\t\t<\/div>\n\t\t\t\t\t\t<\/div>\n\t\t\t\t\t\t\t\t\t<\/div>\n\t\t\t\t<\/a>\n\t\t\t<\/div>\n\t\t<\/div>\n\t\t<div class=\"col post-item\" >\n\t\t\t<div class=\"col-inner\">\n\t\t\t<a href=\"https:\/\/www.cenesamperu.pe\/formacion-academica\/bioeconomia-circular-oportunidades-de-desarrollo-en-el-peru\/\" class=\"plain\">\n\t\t\t\t<div class=\"box box-normal box-text-bottom box-blog-post has-hover\">\n            \t\t\t\t\t<div class=\"box-image\" >\n  \t\t\t\t\t\t<div class=\"image-cover\" style=\"padding-top:56.25%;\">\n  \t\t\t\t\t\t\t<img decoding=\"async\" width=\"300\" height=\"225\" src=\"https:\/\/www.cenesamperu.pe\/formacion-academica\/wp-content\/uploads\/2021\/08\/Planta-Cenesam-300x225.jpg\" class=\"attachment-medium size-medium wp-post-image\" alt=\"\" srcset=\"https:\/\/www.cenesamperu.pe\/formacion-academica\/wp-content\/uploads\/2021\/08\/Planta-Cenesam-300x225.jpg 300w, https:\/\/www.cenesamperu.pe\/formacion-academica\/wp-content\/uploads\/2021\/08\/Planta-Cenesam-1024x768.jpg 1024w, https:\/\/www.cenesamperu.pe\/formacion-academica\/wp-content\/uploads\/2021\/08\/Planta-Cenesam-768x576.jpg 768w, https:\/\/www.cenesamperu.pe\/formacion-academica\/wp-content\/uploads\/2021\/08\/Planta-Cenesam-600x450.jpg 600w, https:\/\/www.cenesamperu.pe\/formacion-academica\/wp-content\/uploads\/2021\/08\/Planta-Cenesam.jpg 1280w\" sizes=\"(max-width: 300px) 100vw, 300px\" \/>  \t\t\t\t\t\t\t  \t\t\t\t\t\t\t  \t\t\t\t\t\t<\/div>\n  \t\t\t\t\t\t  \t\t\t\t\t<\/div>\n          \t\t\t\t\t<div class=\"box-text text-center\" >\n\t\t\t\t\t<div class=\"box-text-inner blog-post-inner\">\n\n\t\t\t\t\t\n\t\t\t\t\t\t\t\t\t\t<h5 class=\"post-title is-large \">Bioeconom\u00eda circular: oportunidades de desarrollo en el Per\u00fa<\/h5>\n\t\t\t\t\t\t\t\t\t\t<div class=\"is-divider\"><\/div>\n\t\t\t\t\t\t\t\t\t\t<p class=\"from_the_blog_excerpt \">\u00abEs un modelo econ\u00f3mico que busca diferentes opciones de aprovechamiento de los recursos biomasicos como: [...]\t\t\t\t\t<\/p>\n\t\t\t\t\t                    \n\t\t\t\t\t\t\t\t\t\t\t<button href=\"https:\/\/www.cenesamperu.pe\/formacion-academica\/bioeconomia-circular-oportunidades-de-desarrollo-en-el-peru\/\" class=\"button primary is-bevel is-small mb-0\">\n\t\t\t\t\t\t\tVer m\u00e1s...\t\t\t\t\t\t<\/button>\n\t\t\t\t\t\n\t\t\t\t\t\n\t\t\t\t\t<\/div>\n\t\t\t\t\t<\/div>\n\t\t\t\t\t\t\t\t\t\t\t\t\t\t\t\t<div class=\"badge absolute top post-date badge-outline\">\n\t\t\t\t\t\t\t<div class=\"badge-inner\">\n\t\t\t\t\t\t\t\t<span class=\"post-date-day\">09<\/span><br>\n\t\t\t\t\t\t\t\t<span class=\"post-date-month is-xsmall\">Ago<\/span>\n\t\t\t\t\t\t\t<\/div>\n\t\t\t\t\t\t<\/div>\n\t\t\t\t\t\t\t\t\t<\/div>\n\t\t\t\t<\/a>\n\t\t\t<\/div>\n\t\t<\/div>\n\t\t<div class=\"col post-item\" >\n\t\t\t<div class=\"col-inner\">\n\t\t\t<a href=\"https:\/\/www.cenesamperu.pe\/formacion-academica\/estandares-de-calidad-ambiental-y-limites-maximos-permisibles-2\/\" class=\"plain\">\n\t\t\t\t<div class=\"box box-normal box-text-bottom box-blog-post has-hover\">\n            \t\t\t\t\t<div class=\"box-image\" >\n  \t\t\t\t\t\t<div class=\"image-cover\" style=\"padding-top:56.25%;\">\n  \t\t\t\t\t\t\t<img loading=\"lazy\" decoding=\"async\" width=\"212\" height=\"300\" src=\"https:\/\/www.cenesamperu.pe\/formacion-academica\/wp-content\/uploads\/2021\/07\/Screenshot_20210724_215604-212x300.jpg\" class=\"attachment-medium size-medium wp-post-image\" alt=\"\" srcset=\"https:\/\/www.cenesamperu.pe\/formacion-academica\/wp-content\/uploads\/2021\/07\/Screenshot_20210724_215604-212x300.jpg 212w, https:\/\/www.cenesamperu.pe\/formacion-academica\/wp-content\/uploads\/2021\/07\/Screenshot_20210724_215604-723x1024.jpg 723w, https:\/\/www.cenesamperu.pe\/formacion-academica\/wp-content\/uploads\/2021\/07\/Screenshot_20210724_215604-768x1088.jpg 768w, https:\/\/www.cenesamperu.pe\/formacion-academica\/wp-content\/uploads\/2021\/07\/Screenshot_20210724_215604-600x850.jpg 600w, https:\/\/www.cenesamperu.pe\/formacion-academica\/wp-content\/uploads\/2021\/07\/Screenshot_20210724_215604.jpg 1080w\" sizes=\"(max-width: 212px) 100vw, 212px\" \/>  \t\t\t\t\t\t\t  \t\t\t\t\t\t\t  \t\t\t\t\t\t<\/div>\n  \t\t\t\t\t\t  \t\t\t\t\t<\/div>\n          \t\t\t\t\t<div class=\"box-text text-center\" >\n\t\t\t\t\t<div class=\"box-text-inner blog-post-inner\">\n\n\t\t\t\t\t\n\t\t\t\t\t\t\t\t\t\t<h5 class=\"post-title is-large \">Est\u00e1ndares de Calidad Ambiental y L\u00edmites M\u00e1ximos Permisibles<\/h5>\n\t\t\t\t\t\t\t\t\t\t<div class=\"is-divider\"><\/div>\n\t\t\t\t\t\t\t\t\t\t<p class=\"from_the_blog_excerpt \">CALIDAD AMBIENTAL (ECA) Y L\u00cdMITES M\u00c1XIMOS PERMISIBLES (LMP) PARA EL PERIODO 2021-2023. EST\u00c1NDARES DE CALIDAD [...]\t\t\t\t\t<\/p>\n\t\t\t\t\t                    \n\t\t\t\t\t\t\t\t\t\t\t<button href=\"https:\/\/www.cenesamperu.pe\/formacion-academica\/estandares-de-calidad-ambiental-y-limites-maximos-permisibles-2\/\" class=\"button primary is-bevel is-small mb-0\">\n\t\t\t\t\t\t\tVer m\u00e1s...\t\t\t\t\t\t<\/button>\n\t\t\t\t\t\n\t\t\t\t\t\n\t\t\t\t\t<\/div>\n\t\t\t\t\t<\/div>\n\t\t\t\t\t\t\t\t\t\t\t\t\t\t\t\t<div class=\"badge absolute top post-date badge-outline\">\n\t\t\t\t\t\t\t<div class=\"badge-inner\">\n\t\t\t\t\t\t\t\t<span class=\"post-date-day\">24<\/span><br>\n\t\t\t\t\t\t\t\t<span class=\"post-date-month is-xsmall\">Jul<\/span>\n\t\t\t\t\t\t\t<\/div>\n\t\t\t\t\t\t<\/div>\n\t\t\t\t\t\t\t\t\t<\/div>\n\t\t\t\t<\/a>\n\t\t\t<\/div>\n\t\t<\/div>\n\t\t<div class=\"col post-item\" >\n\t\t\t<div class=\"col-inner\">\n\t\t\t<a href=\"https:\/\/www.cenesamperu.pe\/formacion-academica\/capacitaciones-obligatorias-segun-ley\/\" class=\"plain\">\n\t\t\t\t<div class=\"box box-normal box-text-bottom box-blog-post has-hover\">\n            \t\t\t\t\t<div class=\"box-image\" >\n  \t\t\t\t\t\t<div class=\"image-cover\" style=\"padding-top:56.25%;\">\n  \t\t\t\t\t\t\t<img loading=\"lazy\" decoding=\"async\" width=\"300\" height=\"255\" src=\"https:\/\/www.cenesamperu.pe\/formacion-academica\/wp-content\/uploads\/2021\/07\/foto-5-300x255.jpeg\" class=\"attachment-medium size-medium wp-post-image\" alt=\"\" srcset=\"https:\/\/www.cenesamperu.pe\/formacion-academica\/wp-content\/uploads\/2021\/07\/foto-5-300x255.jpeg 300w, https:\/\/www.cenesamperu.pe\/formacion-academica\/wp-content\/uploads\/2021\/07\/foto-5-1024x870.jpeg 1024w, https:\/\/www.cenesamperu.pe\/formacion-academica\/wp-content\/uploads\/2021\/07\/foto-5-768x653.jpeg 768w, https:\/\/www.cenesamperu.pe\/formacion-academica\/wp-content\/uploads\/2021\/07\/foto-5-600x510.jpeg 600w, https:\/\/www.cenesamperu.pe\/formacion-academica\/wp-content\/uploads\/2021\/07\/foto-5.jpeg 1080w\" sizes=\"(max-width: 300px) 100vw, 300px\" \/>  \t\t\t\t\t\t\t  \t\t\t\t\t\t\t  \t\t\t\t\t\t<\/div>\n  \t\t\t\t\t\t  \t\t\t\t\t<\/div>\n          \t\t\t\t\t<div class=\"box-text text-center\" >\n\t\t\t\t\t<div class=\"box-text-inner blog-post-inner\">\n\n\t\t\t\t\t\n\t\t\t\t\t\t\t\t\t\t<h5 class=\"post-title is-large \">Capacitaciones Obligatorias seg\u00fan Ley.<\/h5>\n\t\t\t\t\t\t\t\t\t\t<div class=\"is-divider\"><\/div>\n\t\t\t\t\t\t\t\t\t\t<p class=\"from_the_blog_excerpt \">LEY N\u00ba 29783, LEY DE SEGURIDAD Y SALUD EN EL TRABAJO, MODIFICADA POR LA LEY [...]\t\t\t\t\t<\/p>\n\t\t\t\t\t                    \n\t\t\t\t\t\t\t\t\t\t\t<button href=\"https:\/\/www.cenesamperu.pe\/formacion-academica\/capacitaciones-obligatorias-segun-ley\/\" class=\"button primary is-bevel is-small mb-0\">\n\t\t\t\t\t\t\tVer m\u00e1s...\t\t\t\t\t\t<\/button>\n\t\t\t\t\t\n\t\t\t\t\t\n\t\t\t\t\t<\/div>\n\t\t\t\t\t<\/div>\n\t\t\t\t\t\t\t\t\t\t\t\t\t\t\t\t<div class=\"badge absolute top post-date badge-outline\">\n\t\t\t\t\t\t\t<div class=\"badge-inner\">\n\t\t\t\t\t\t\t\t<span class=\"post-date-day\">23<\/span><br>\n\t\t\t\t\t\t\t\t<span class=\"post-date-month is-xsmall\">Jul<\/span>\n\t\t\t\t\t\t\t<\/div>\n\t\t\t\t\t\t<\/div>\n\t\t\t\t\t\t\t\t\t<\/div>\n\t\t\t\t<\/a>\n\t\t\t<\/div>\n\t\t<\/div>\n\t\t<div class=\"col post-item\" >\n\t\t\t<div class=\"col-inner\">\n\t\t\t<a href=\"https:\/\/www.cenesamperu.pe\/formacion-academica\/el-viento\/\" class=\"plain\">\n\t\t\t\t<div class=\"box box-normal box-text-bottom box-blog-post has-hover\">\n            \t\t\t\t\t<div class=\"box-image\" >\n  \t\t\t\t\t\t<div class=\"image-cover\" style=\"padding-top:56.25%;\">\n  \t\t\t\t\t\t\t<img loading=\"lazy\" decoding=\"async\" width=\"300\" height=\"169\" src=\"https:\/\/www.cenesamperu.pe\/formacion-academica\/wp-content\/uploads\/2021\/07\/VIENTO-300x169.jpeg\" class=\"attachment-medium size-medium wp-post-image\" alt=\"\" srcset=\"https:\/\/www.cenesamperu.pe\/formacion-academica\/wp-content\/uploads\/2021\/07\/VIENTO-300x169.jpeg 300w, https:\/\/www.cenesamperu.pe\/formacion-academica\/wp-content\/uploads\/2021\/07\/VIENTO-1024x577.jpeg 1024w, https:\/\/www.cenesamperu.pe\/formacion-academica\/wp-content\/uploads\/2021\/07\/VIENTO-768x433.jpeg 768w, https:\/\/www.cenesamperu.pe\/formacion-academica\/wp-content\/uploads\/2021\/07\/VIENTO-600x338.jpeg 600w, https:\/\/www.cenesamperu.pe\/formacion-academica\/wp-content\/uploads\/2021\/07\/VIENTO.jpeg 1051w\" sizes=\"(max-width: 300px) 100vw, 300px\" \/>  \t\t\t\t\t\t\t  \t\t\t\t\t\t\t  \t\t\t\t\t\t<\/div>\n  \t\t\t\t\t\t  \t\t\t\t\t<\/div>\n          \t\t\t\t\t<div class=\"box-text text-center\" >\n\t\t\t\t\t<div class=\"box-text-inner blog-post-inner\">\n\n\t\t\t\t\t\n\t\t\t\t\t\t\t\t\t\t<h5 class=\"post-title is-large \">EL VIENTO<\/h5>\n\t\t\t\t\t\t\t\t\t\t<div class=\"is-divider\"><\/div>\n\t\t\t\t\t\t\t\t\t\t<p class=\"from_the_blog_excerpt \">El viento, Se desplaza desde los centros de altas presiones a los de bajas presiones. [...]\t\t\t\t\t<\/p>\n\t\t\t\t\t                    \n\t\t\t\t\t\t\t\t\t\t\t<button href=\"https:\/\/www.cenesamperu.pe\/formacion-academica\/el-viento\/\" class=\"button primary is-bevel is-small mb-0\">\n\t\t\t\t\t\t\tVer m\u00e1s...\t\t\t\t\t\t<\/button>\n\t\t\t\t\t\n\t\t\t\t\t\n\t\t\t\t\t<\/div>\n\t\t\t\t\t<\/div>\n\t\t\t\t\t\t\t\t\t\t\t\t\t\t\t\t<div class=\"badge absolute top post-date badge-outline\">\n\t\t\t\t\t\t\t<div class=\"badge-inner\">\n\t\t\t\t\t\t\t\t<span class=\"post-date-day\">23<\/span><br>\n\t\t\t\t\t\t\t\t<span class=\"post-date-month is-xsmall\">Jul<\/span>\n\t\t\t\t\t\t\t<\/div>\n\t\t\t\t\t\t<\/div>\n\t\t\t\t\t\t\t\t\t<\/div>\n\t\t\t\t<\/a>\n\t\t\t<\/div>\n\t\t<\/div>\n\t\t<div class=\"col post-item\" >\n\t\t\t<div class=\"col-inner\">\n\t\t\t<a href=\"https:\/\/www.cenesamperu.pe\/formacion-academica\/elecciones-2021\/\" class=\"plain\">\n\t\t\t\t<div class=\"box box-normal box-text-bottom box-blog-post has-hover\">\n            \t\t\t\t\t<div class=\"box-image\" >\n  \t\t\t\t\t\t<div class=\"image-cover\" style=\"padding-top:56.25%;\">\n  \t\t\t\t\t\t\t<img loading=\"lazy\" decoding=\"async\" width=\"300\" height=\"300\" src=\"https:\/\/www.cenesamperu.pe\/formacion-academica\/wp-content\/uploads\/2021\/04\/WhatsApp-Image-2021-04-10-at-14.56.47-3-300x300.jpeg\" class=\"attachment-medium size-medium wp-post-image\" alt=\"\" srcset=\"https:\/\/www.cenesamperu.pe\/formacion-academica\/wp-content\/uploads\/2021\/04\/WhatsApp-Image-2021-04-10-at-14.56.47-3-300x300.jpeg 300w, https:\/\/www.cenesamperu.pe\/formacion-academica\/wp-content\/uploads\/2021\/04\/WhatsApp-Image-2021-04-10-at-14.56.47-3-1024x1024.jpeg 1024w, https:\/\/www.cenesamperu.pe\/formacion-academica\/wp-content\/uploads\/2021\/04\/WhatsApp-Image-2021-04-10-at-14.56.47-3-150x150.jpeg 150w, https:\/\/www.cenesamperu.pe\/formacion-academica\/wp-content\/uploads\/2021\/04\/WhatsApp-Image-2021-04-10-at-14.56.47-3-768x768.jpeg 768w, https:\/\/www.cenesamperu.pe\/formacion-academica\/wp-content\/uploads\/2021\/04\/WhatsApp-Image-2021-04-10-at-14.56.47-3-600x600.jpeg 600w, https:\/\/www.cenesamperu.pe\/formacion-academica\/wp-content\/uploads\/2021\/04\/WhatsApp-Image-2021-04-10-at-14.56.47-3-100x100.jpeg 100w, https:\/\/www.cenesamperu.pe\/formacion-academica\/wp-content\/uploads\/2021\/04\/WhatsApp-Image-2021-04-10-at-14.56.47-3.jpeg 1280w\" sizes=\"(max-width: 300px) 100vw, 300px\" \/>  \t\t\t\t\t\t\t  \t\t\t\t\t\t\t  \t\t\t\t\t\t<\/div>\n  \t\t\t\t\t\t  \t\t\t\t\t<\/div>\n          \t\t\t\t\t<div class=\"box-text text-center\" >\n\t\t\t\t\t<div class=\"box-text-inner blog-post-inner\">\n\n\t\t\t\t\t\n\t\t\t\t\t\t\t\t\t\t<h5 class=\"post-title is-large \">CENESAM TV | Elecciones 2021<\/h5>\n\t\t\t\t\t\t\t\t\t\t<div class=\"is-divider\"><\/div>\n\t\t\t\t\t\t\t\t\t\t<p class=\"from_the_blog_excerpt \">\u00bfQu\u00e9 proponen los candidatos frente al cuidado del medio ambiente? CENESAM TV \/ Noticias\u00a0\/\u00a0 08\u00a0Abril [...]\t\t\t\t\t<\/p>\n\t\t\t\t\t                    \n\t\t\t\t\t\t\t\t\t\t\t<button href=\"https:\/\/www.cenesamperu.pe\/formacion-academica\/elecciones-2021\/\" class=\"button primary is-bevel is-small mb-0\">\n\t\t\t\t\t\t\tVer m\u00e1s...\t\t\t\t\t\t<\/button>\n\t\t\t\t\t\n\t\t\t\t\t\n\t\t\t\t\t<\/div>\n\t\t\t\t\t<\/div>\n\t\t\t\t\t\t\t\t\t\t\t\t\t\t\t\t<div class=\"badge absolute top post-date badge-outline\">\n\t\t\t\t\t\t\t<div class=\"badge-inner\">\n\t\t\t\t\t\t\t\t<span class=\"post-date-day\">10<\/span><br>\n\t\t\t\t\t\t\t\t<span class=\"post-date-month is-xsmall\">Abr<\/span>\n\t\t\t\t\t\t\t<\/div>\n\t\t\t\t\t\t<\/div>\n\t\t\t\t\t\t\t\t\t<\/div>\n\t\t\t\t<\/a>\n\t\t\t<\/div>\n\t\t<\/div>\n\t\t<div class=\"col post-item\" >\n\t\t\t<div class=\"col-inner\">\n\t\t\t<a href=\"https:\/\/www.cenesamperu.pe\/formacion-academica\/cenesam-tv\/\" class=\"plain\">\n\t\t\t\t<div class=\"box box-normal box-text-bottom box-blog-post has-hover\">\n            \t\t\t\t\t<div class=\"box-image\" >\n  \t\t\t\t\t\t<div class=\"image-cover\" style=\"padding-top:56.25%;\">\n  \t\t\t\t\t\t\t<img loading=\"lazy\" decoding=\"async\" width=\"300\" height=\"300\" src=\"https:\/\/www.cenesamperu.pe\/formacion-academica\/wp-content\/uploads\/2021\/02\/137542507_3825390680833669_6417189045425543388_o-300x300.jpg\" class=\"attachment-medium size-medium wp-post-image\" alt=\"\" srcset=\"https:\/\/www.cenesamperu.pe\/formacion-academica\/wp-content\/uploads\/2021\/02\/137542507_3825390680833669_6417189045425543388_o-300x300.jpg 300w, https:\/\/www.cenesamperu.pe\/formacion-academica\/wp-content\/uploads\/2021\/02\/137542507_3825390680833669_6417189045425543388_o-1024x1024.jpg 1024w, https:\/\/www.cenesamperu.pe\/formacion-academica\/wp-content\/uploads\/2021\/02\/137542507_3825390680833669_6417189045425543388_o-150x150.jpg 150w, https:\/\/www.cenesamperu.pe\/formacion-academica\/wp-content\/uploads\/2021\/02\/137542507_3825390680833669_6417189045425543388_o-768x768.jpg 768w, https:\/\/www.cenesamperu.pe\/formacion-academica\/wp-content\/uploads\/2021\/02\/137542507_3825390680833669_6417189045425543388_o-600x600.jpg 600w, https:\/\/www.cenesamperu.pe\/formacion-academica\/wp-content\/uploads\/2021\/02\/137542507_3825390680833669_6417189045425543388_o-100x100.jpg 100w, https:\/\/www.cenesamperu.pe\/formacion-academica\/wp-content\/uploads\/2021\/02\/137542507_3825390680833669_6417189045425543388_o.jpg 1417w\" sizes=\"(max-width: 300px) 100vw, 300px\" \/>  \t\t\t\t\t\t\t  \t\t\t\t\t\t\t  \t\t\t\t\t\t<\/div>\n  \t\t\t\t\t\t  \t\t\t\t\t<\/div>\n          \t\t\t\t\t<div class=\"box-text text-center\" >\n\t\t\t\t\t<div class=\"box-text-inner blog-post-inner\">\n\n\t\t\t\t\t\n\t\t\t\t\t\t\t\t\t\t<h5 class=\"post-title is-large \">CENESAM TV<\/h5>\n\t\t\t\t\t\t\t\t\t\t<div class=\"is-divider\"><\/div>\n\t\t\t\t\t\t\t\t\t\t<p class=\"from_the_blog_excerpt \">Te presentamos nuestro proyecto CENESAM TV, en donde encontrar\u00e1s noticias, novedades e informaci\u00f3n de calidad [...]\t\t\t\t\t<\/p>\n\t\t\t\t\t                    \n\t\t\t\t\t\t\t\t\t\t\t<button href=\"https:\/\/www.cenesamperu.pe\/formacion-academica\/cenesam-tv\/\" class=\"button primary is-bevel is-small mb-0\">\n\t\t\t\t\t\t\tVer m\u00e1s...\t\t\t\t\t\t<\/button>\n\t\t\t\t\t\n\t\t\t\t\t\n\t\t\t\t\t<\/div>\n\t\t\t\t\t<\/div>\n\t\t\t\t\t\t\t\t\t\t\t\t\t\t\t\t<div class=\"badge absolute top post-date badge-outline\">\n\t\t\t\t\t\t\t<div class=\"badge-inner\">\n\t\t\t\t\t\t\t\t<span class=\"post-date-day\">09<\/span><br>\n\t\t\t\t\t\t\t\t<span class=\"post-date-month is-xsmall\">Feb<\/span>\n\t\t\t\t\t\t\t<\/div>\n\t\t\t\t\t\t<\/div>\n\t\t\t\t\t\t\t\t\t<\/div>\n\t\t\t\t<\/a>\n\t\t\t<\/div>\n\t\t<\/div>\n\t\t<div class=\"col post-item\" >\n\t\t\t<div class=\"col-inner\">\n\t\t\t<a href=\"https:\/\/www.cenesamperu.pe\/formacion-academica\/anaerobio-vs-aerobio\/\" class=\"plain\">\n\t\t\t\t<div class=\"box box-normal box-text-bottom box-blog-post has-hover\">\n            \t\t\t\t\t<div class=\"box-image\" >\n  \t\t\t\t\t\t<div class=\"image-cover\" style=\"padding-top:56.25%;\">\n  \t\t\t\t\t\t\t<img loading=\"lazy\" decoding=\"async\" width=\"300\" height=\"225\" src=\"https:\/\/www.cenesamperu.pe\/formacion-academica\/wp-content\/uploads\/2020\/10\/ANAEROBIO-VS-AEROBIO2-300x225.jpg\" class=\"attachment-medium size-medium wp-post-image\" alt=\"\" srcset=\"https:\/\/www.cenesamperu.pe\/formacion-academica\/wp-content\/uploads\/2020\/10\/ANAEROBIO-VS-AEROBIO2-300x225.jpg 300w, https:\/\/www.cenesamperu.pe\/formacion-academica\/wp-content\/uploads\/2020\/10\/ANAEROBIO-VS-AEROBIO2.jpg 600w\" sizes=\"(max-width: 300px) 100vw, 300px\" \/>  \t\t\t\t\t\t\t  \t\t\t\t\t\t\t  \t\t\t\t\t\t<\/div>\n  \t\t\t\t\t\t  \t\t\t\t\t<\/div>\n          \t\t\t\t\t<div class=\"box-text text-center\" >\n\t\t\t\t\t<div class=\"box-text-inner blog-post-inner\">\n\n\t\t\t\t\t\n\t\t\t\t\t\t\t\t\t\t<h5 class=\"post-title is-large \">ANAEROBIO VS AEROBIO<\/h5>\n\t\t\t\t\t\t\t\t\t\t<div class=\"is-divider\"><\/div>\n\t\t\t\t\t\t\t\t\t\t<p class=\"from_the_blog_excerpt \">Si tuvieras que desarrollar un proyecto de tratamiento de aguas residuales, \u00bfqu\u00e9 tipo de reactor [...]\t\t\t\t\t<\/p>\n\t\t\t\t\t                    \n\t\t\t\t\t\t\t\t\t\t\t<button href=\"https:\/\/www.cenesamperu.pe\/formacion-academica\/anaerobio-vs-aerobio\/\" class=\"button primary is-bevel is-small mb-0\">\n\t\t\t\t\t\t\tVer m\u00e1s...\t\t\t\t\t\t<\/button>\n\t\t\t\t\t\n\t\t\t\t\t\n\t\t\t\t\t<\/div>\n\t\t\t\t\t<\/div>\n\t\t\t\t\t\t\t\t\t\t\t\t\t\t\t\t<div class=\"badge absolute top post-date badge-outline\">\n\t\t\t\t\t\t\t<div class=\"badge-inner\">\n\t\t\t\t\t\t\t\t<span class=\"post-date-day\">27<\/span><br>\n\t\t\t\t\t\t\t\t<span class=\"post-date-month is-xsmall\">Oct<\/span>\n\t\t\t\t\t\t\t<\/div>\n\t\t\t\t\t\t<\/div>\n\t\t\t\t\t\t\t\t\t<\/div>\n\t\t\t\t<\/a>\n\t\t\t<\/div>\n\t\t<\/div>\n<\/div>\n\n\n\t\t<\/div>\n\n\t\t\n<style>\n#section_214938387 {\n  padding-top: 30px;\n  padding-bottom: 30px;\n}\n<\/style>\n\t<\/section>\n\t\n\n","protected":false},"excerpt":{"rendered":"","protected":false},"author":1,"featured_media":0,"parent":0,"menu_order":0,"comment_status":"closed","ping_status":"closed","template":"page-blank.php","meta":{"footnotes":""},"class_list":["post-1743","page","type-page","status-publish","hentry"],"_links":{"self":[{"href":"https:\/\/www.cenesamperu.pe\/formacion-academica\/wp-json\/wp\/v2\/pages\/1743","targetHints":{"allow":["GET"]}}],"collection":[{"href":"https:\/\/www.cenesamperu.pe\/formacion-academica\/wp-json\/wp\/v2\/pages"}],"about":[{"href":"https:\/\/www.cenesamperu.pe\/formacion-academica\/wp-json\/wp\/v2\/types\/page"}],"author":[{"embeddable":true,"href":"https:\/\/www.cenesamperu.pe\/formacion-academica\/wp-json\/wp\/v2\/users\/1"}],"replies":[{"embeddable":true,"href":"https:\/\/www.cenesamperu.pe\/formacion-academica\/wp-json\/wp\/v2\/comments?post=1743"}],"version-history":[{"count":4,"href":"https:\/\/www.cenesamperu.pe\/formacion-academica\/wp-json\/wp\/v2\/pages\/1743\/revisions"}],"predecessor-version":[{"id":1750,"href":"https:\/\/www.cenesamperu.pe\/formacion-academica\/wp-json\/wp\/v2\/pages\/1743\/revisions\/1750"}],"wp:attachment":[{"href":"https:\/\/www.cenesamperu.pe\/formacion-academica\/wp-json\/wp\/v2\/media?parent=1743"}],"curies":[{"name":"wp","href":"https:\/\/api.w.org\/{rel}","templated":true}]}}