{"id":586,"date":"2020-10-21T12:45:12","date_gmt":"2020-10-21T17:45:12","guid":{"rendered":"https:\/\/techness.pe\/cenesam\/?page_id=586"},"modified":"2021-02-13T00:16:10","modified_gmt":"2021-02-13T05:16:10","slug":"gestion-y-tratamiento-de-aguas-residuales","status":"publish","type":"page","link":"https:\/\/www.cenesamperu.pe\/formacion-academica\/gestion-y-tratamiento-de-aguas-residuales\/","title":{"rendered":"GESTI\u00d3N Y TRATAMIENTO DE AGUAS RESIDUALES"},"content":{"rendered":"\n<div class=\"slider-wrapper relative\" id=\"slider-404184446\" >\n    <div class=\"slider slider-nav-circle slider-nav-large slider-nav-light slider-style-normal\"\n        data-flickity-options='{\n            \"cellAlign\": \"center\",\n            \"imagesLoaded\": true,\n            \"lazyLoad\": 1,\n            \"freeScroll\": false,\n            \"wrapAround\": false,\n            \"autoPlay\": false,\n            \"pauseAutoPlayOnHover\" : false,\n            \"prevNextButtons\": false,\n            \"contain\" : true,\n            \"adaptiveHeight\" : true,\n            \"dragThreshold\" : 10,\n            \"percentPosition\": true,\n            \"pageDots\": false,\n            \"rightToLeft\": false,\n            \"draggable\": false,\n            \"selectedAttraction\": 0.1,\n            \"parallax\" : 0,\n            \"friction\": 0.6        }'\n        >\n        \n\n\n  <div class=\"banner has-hover\" id=\"banner-738318881\">\n          <div class=\"banner-inner fill\">\n        <div class=\"banner-bg fill\" >\n            <div class=\"bg fill bg-fill bg-loaded\"><\/div>\n                                    \n                    <\/div>\n        <div class=\"banner-layers container\">\n            <div class=\"fill banner-link\"><\/div>            \n\n   <div id=\"text-box-1167279231\" class=\"text-box banner-layer x50 md-x50 lg-x50 y50 md-y50 lg-y50 res-text\">\n                     <div data-animate=\"fadeInDown\">           <div class=\"text dark\">\n              \n              <div class=\"text-inner text-center\">\n                  \n\n<h2>Gesti\u00f3n y Tratamiento de Aguas Residuales<\/h2>\n\n              <\/div>\n           <\/div>\n       <\/div>                     \n<style>\n#text-box-1167279231 {\n  width: 80%;\n}\n#text-box-1167279231 .text {\n  font-size: 100%;\n}\n<\/style>\n    <\/div>\n \n\n        <\/div>\n      <\/div>\n\n            \n<style>\n#banner-738318881 {\n  padding-top: 300px;\n}\n#banner-738318881 .bg.bg-loaded {\n  background-image: url(https:\/\/www.cenesamperu.pe\/formacion-academica\/wp-content\/uploads\/2020\/12\/Gestion-y-Tratamiento-de-Aguas-Residuales-1024x213.jpg);\n}\n<\/style>\n  <\/div>\n\n\n\n     <\/div>\n\n     <div class=\"loading-spin dark large centered\"><\/div>\n\n     <\/div>\n\n\n\t<section class=\"section\" id=\"section_661095662\">\n\t\t<div class=\"bg section-bg fill bg-fill bg-loaded bg-loaded\" >\n\n\t\t\t\n\t\t\t\n\t\t\t\n\n\t\t<\/div>\n\n\t\t<div class=\"section-content relative\">\n\t\t\t\n\n<div class=\"row row-large row-divided\"  id=\"row-182009352\">\n\n\n\t<div id=\"col-7251896\" class=\"col medium-8 small-12 large-8\"  >\n\t\t<div class=\"col-inner\"  >\n\t\t\t\n\t\t\t\n\n<h4 class=\"uppercase\">GESTI\u00d3N Y TRATAMIENTO DE AGUAS RESIDUALES<\/h4>\n\n\t\t<div class=\"tabbed-content\">\n\t\t\t\n\t\t\t<ul class=\"nav nav-tabs nav-normal nav-size-large nav-left\"><li class=\"tab active has-icon\"><a href=\"#tab_presentaci\u00f3n\"><span>Presentaci\u00f3n<\/span><\/a><\/li>\n<li class=\"tab has-icon\"><a href=\"#tab_caracter\u00edsticas\"><span>Caracter\u00edsticas<\/span><\/a><\/li>\n<li class=\"tab has-icon\"><a href=\"#tab_temario\"><span>Temario<\/span><\/a><\/li><\/ul><div class=\"tab-panels\"><div class=\"panel active entry-content\" id=\"tab_presentaci\u00f3n\">\n\n<p>En la actualidad la sociedad ya es consiente de lo elemental que es el agua y en lo escasa que se est\u00e1 convirtiendo, debido a distintos factores como la contaminaci\u00f3n e incluso las sequias, que tambi\u00e9n afectan notablemente a la calidad de esta. Siendo esto un motivo elemental para que el tratamiento de aguas sea realizado, ya sea para consumo potable o para uso industrial. <\/p>\n<p>Con el diplomado de Tratamiento de aguas residuales todos los participantes lograran manejar la normativa nacional e internacional y les permitir\u00e1 identificar las nuevas tecnolog\u00edas aplicadas en el tratamiento de aguas residuales. Asimismo, podr\u00e1n manejar los fundamentos para el dise\u00f1o de plantas de tratamiento y podr\u00e1n estar capacitados para evaluar e identificar que los procesos est\u00e1n siendo ejecutados de forma correcta. \u00a1Ent\u00e9rate de m\u00e1s aqu\u00ed!<\/p>\n\n<\/div>\n<div class=\"panel entry-content\" id=\"tab_caracter\u00edsticas\">\n\n<p>Dirigido a:<br \/>\nEste diplomado est\u00e1 dirigido a profesionales, t\u00e9cnicos o estudiantes de \u00e1reas de Ingenier\u00eda, ciencias b\u00e1sicas u \u00e1reas afines, con inter\u00e9s o que laboren en el tema del tratamiento de las aguas residuales.<\/p>\n<p><b>Duraci\u00f3n:<\/b> 5 meses<\/p>\n<p><b>Cr\u00e9ditos:<\/b> 384 horas acad\u00e9micas<\/p>\n\n<\/div>\n<div class=\"panel entry-content\" id=\"tab_temario\">\n\n<h4>M\u00f3dulos:<\/h4>\n<ol>\n<li>ASPECTOS GENERALES SOBRE LAS AGUAS RESIDUALES\n<li>CARACTERIZACI\u00d3N DE LAS AGUAS RESIDUALES: PAR\u00c1METROS F\u00cdSICO QU\u00cdMICOS\n<li>CARACTERIZACI\u00d3N DEAGUAS RESIDUALES: PAR\u00c1METROS MICROBIOL\u00d3GICOS\n<li>MONITOREO DE AGUAS RESIDUALES\n<li>CAUDALES Y CARGAS DE DISE\u00d1O\n<li>PLANTAS DE TRATAMIENTO DE AGUAS RESIDUALES\n<li>TRATAMIENTO PRELIMINARES\n<li>TRATAMIENTOS PRIMARIOS\n<li>TRATAMIENTOS SECUNDARIOS\n<li>SISTEMAS BIOL\u00d3GICOS EXTENSIVOS- LAGUNAS DE ESTABILIZACI\u00d3N\n<li>HUMEDALES ARTIFICIALES\n<li>TRATAMIENTO AER\u00d3BICOS INTENSIVOS\n<li>TRATAMINETOS ANAER\u00d3BICOS\n<li>LODOS EN AGUAS RESIDUALES\n<li>VISITA TECNICA\n<li>EXAMEN FINAL\n<\/ol>\n\n<\/div><\/div><\/div>\n\n\t\t<\/div>\n\t\t\t<\/div>\n\n\t\n\n\t<div id=\"col-736807314\" class=\"col medium-4 small-12 large-4\"  >\n\t\t<div class=\"col-inner\"  >\n\t\t\t\n\t\t\t\n\n<h5 class=\"uppercase\">Solicita informaci\u00f3n aqu\u00ed<\/h5>\n\n<div class=\"wpcf7 no-js\" id=\"wpcf7-f453-o1\" lang=\"es-PE\" dir=\"ltr\" data-wpcf7-id=\"453\">\n<div class=\"screen-reader-response\"><p role=\"status\" aria-live=\"polite\" aria-atomic=\"true\"><\/p> <ul><\/ul><\/div>\n<form action=\"\/formacion-academica\/wp-json\/wp\/v2\/pages\/586#wpcf7-f453-o1\" method=\"post\" class=\"wpcf7-form init\" aria-label=\"Contact form\" novalidate=\"novalidate\" data-status=\"init\">\n<div style=\"display: none;\">\n<input type=\"hidden\" name=\"_wpcf7\" value=\"453\" \/>\n<input type=\"hidden\" name=\"_wpcf7_version\" value=\"6.0.6\" \/>\n<input type=\"hidden\" name=\"_wpcf7_locale\" value=\"es_PE\" \/>\n<input type=\"hidden\" name=\"_wpcf7_unit_tag\" value=\"wpcf7-f453-o1\" \/>\n<input type=\"hidden\" name=\"_wpcf7_container_post\" value=\"0\" \/>\n<input type=\"hidden\" name=\"_wpcf7_posted_data_hash\" value=\"\" \/>\n<\/div>\n<div class=\"flex-row form-flat medium-flex-wrap\">\n\t<div class=\"flex-col flex-grow\">\n\t\t<p><span class=\"wpcf7-form-control-wrap\" data-name=\"nombre\"><input size=\"40\" maxlength=\"400\" class=\"wpcf7-form-control wpcf7-text wpcf7-validates-as-required\" aria-required=\"true\" aria-invalid=\"false\" placeholder=\"Nombres\" value=\"\" type=\"text\" name=\"nombre\" \/><\/span><br \/>\n<span class=\"wpcf7-form-control-wrap\" data-name=\"apellido\"><input size=\"40\" maxlength=\"400\" class=\"wpcf7-form-control wpcf7-text wpcf7-validates-as-required\" aria-required=\"true\" aria-invalid=\"false\" placeholder=\"Apellidos\" value=\"\" type=\"text\" name=\"apellido\" \/><\/span><br \/>\n<span class=\"wpcf7-form-control-wrap\" data-name=\"email\"><input size=\"40\" maxlength=\"400\" class=\"wpcf7-form-control wpcf7-email wpcf7-validates-as-required wpcf7-text wpcf7-validates-as-email\" aria-required=\"true\" aria-invalid=\"false\" placeholder=\"Correo electr\u00f3nico\" value=\"\" type=\"email\" name=\"email\" \/><\/span><br \/>\n<span class=\"wpcf7-form-control-wrap\" data-name=\"celular\"><input size=\"40\" maxlength=\"400\" class=\"wpcf7-form-control wpcf7-tel wpcf7-validates-as-required wpcf7-text wpcf7-validates-as-tel\" aria-required=\"true\" aria-invalid=\"false\" placeholder=\"Celular\" value=\"\" type=\"tel\" name=\"celular\" \/><\/span><br \/>\n<span class=\"wpcf7-form-control-wrap\" data-name=\"mensaje\"><textarea cols=\"40\" rows=\"10\" maxlength=\"2000\" class=\"wpcf7-form-control wpcf7-textarea wpcf7-validates-as-required\" aria-required=\"true\" aria-invalid=\"false\" placeholder=\"Ingrese mensaje\" name=\"mensaje\"><\/textarea><\/span>\n\t\t<\/p>\n\t\t<p><input class=\"wpcf7-form-control wpcf7-submit has-spinner button\" type=\"submit\" value=\"Enviar\" \/>\n\t\t<\/p>\n\t<\/div>\n<\/div><div class=\"wpcf7-response-output\" aria-hidden=\"true\"><\/div>\n<\/form>\n<\/div>\n\n\n\n\t\t<\/div>\n\t\t\t<\/div>\n\n\t\n\n<\/div>\n\n\t\t<\/div>\n\n\t\t\n<style>\n#section_661095662 {\n  padding-top: 30px;\n  padding-bottom: 30px;\n}\n<\/style>\n\t<\/section>\n\t\n\t<section class=\"section has-mask mask-arrow\" id=\"section_850695893\">\n\t\t<div class=\"bg section-bg fill bg-fill bg-loaded bg-loaded\" >\n\n\t\t\t\n\t\t\t<div class=\"section-bg-overlay absolute fill\"><\/div>\n\t\t\t\n\n\t\t<\/div>\n\n\t\t<div class=\"section-content relative\">\n\t\t\t\n\n<div class=\"row row-large align-middle row-divided\"  id=\"row-194929105\">\n\n\n\t<div id=\"col-938091274\" class=\"col medium-6 small-12 large-6\"  >\n\t\t<div class=\"col-inner text-center\"  >\n\t\t\t\n\t\t\t\n\n\t<div class=\"img has-hover x md-x lg-x y md-y lg-y\" id=\"image_1979924897\">\n\t\t\t\t\t\t\t\t<div class=\"img-inner dark\" >\n\t\t\t<img fetchpriority=\"high\" decoding=\"async\" width=\"500\" height=\"500\" src=\"https:\/\/www.cenesamperu.pe\/formacion-academica\/wp-content\/uploads\/2020\/10\/MODALIDAD.png\" class=\"attachment-large size-large\" alt=\"MODALIDAD\" srcset=\"https:\/\/www.cenesamperu.pe\/formacion-academica\/wp-content\/uploads\/2020\/10\/MODALIDAD.png 500w, https:\/\/www.cenesamperu.pe\/formacion-academica\/wp-content\/uploads\/2020\/10\/MODALIDAD-300x300.png 300w, https:\/\/www.cenesamperu.pe\/formacion-academica\/wp-content\/uploads\/2020\/10\/MODALIDAD-150x150.png 150w, https:\/\/www.cenesamperu.pe\/formacion-academica\/wp-content\/uploads\/2020\/10\/MODALIDAD-100x100.png 100w\" sizes=\"(max-width: 500px) 100vw, 500px\" \/>\t\t\t\t\t\t\n\t\t\t\t\t<\/div>\n\t\t\t\t\t\t\t\t\n<style>\n#image_1979924897 {\n  width: 60%;\n}\n<\/style>\n\t<\/div>\n\t\n\n\n\t\t<\/div>\n\t\t\t<\/div>\n\n\t\n\n\t<div id=\"col-1606607889\" class=\"col medium-6 small-12 large-6\"  >\n\t\t<div class=\"col-inner text-center\"  >\n\t\t\t\n\t\t\t\n\n<h4 class=\"uppercase\">Descarga el brochure<\/h4>\n<a rel=\"noopener noreferrer\" href=\"https:\/\/cenesamperu.pe\/descargas\/DIPLOMADOS\/4.%20BROCHURE%20TRATAMIENTO%20DE%20AGUAS%20RESIDUALES.pdf\" target=\"_blank\" class=\"button primary lowercase\"  style=\"border-radius:10px;\">\n  <i class=\"icon-angle-down\" ><\/i>  <span>Dossier informativo<\/span>\n  <\/a>\n\n\n\n\t\t<\/div>\n\t\t\t<\/div>\n\n\t\n\n<\/div>\n\n\t\t<\/div>\n\n\t\t\n<style>\n#section_850695893 {\n  padding-top: 60px;\n  padding-bottom: 60px;\n  background-color: rgb(193, 193, 193);\n}\n#section_850695893 .section-bg-overlay {\n  background-color: rgba(255, 255, 255, 0.85);\n}\n<\/style>\n\t<\/section>\n\t\n\t<section class=\"section\" id=\"section_1803874216\">\n\t\t<div class=\"bg section-bg fill bg-fill bg-loaded bg-loaded\" >\n\n\t\t\t\n\t\t\t\n\t\t\t\n\n\t\t<\/div>\n\n\t\t<div class=\"section-content relative\">\n\t\t\t\n\n\t<div id=\"text-3314393770\" class=\"text\">\n\t\t\n\n<h2 class=\"uppercase\">Nuestros diplomados<\/h2>\n\t\t\n<style>\n#text-3314393770 {\n  text-align: center;\n}\n<\/style>\n\t<\/div>\n\t\n<div class=\"row row-small\"  id=\"row-1023668495\">\n\n\n\t<div id=\"col-257131004\" class=\"col medium-3 small-6 large-3\"  >\n\t\t<div class=\"col-inner\"  >\n\t\t\t\n\t\t\t\n\n\t<div class=\"box has-hover   has-hover box-overlay dark box-text-bottom\" >\n\n\t\t<div class=\"box-image\" >\n\t\t\t<a href=\"\/formacion-academica\/seguridad-salud-ocupacional-y-medio-ambiente\"  >\t\t\t<div class=\"image-zoom\" >\n\t\t\t\t<img decoding=\"async\" width=\"500\" height=\"375\" src=\"https:\/\/www.cenesamperu.pe\/formacion-academica\/wp-content\/uploads\/2020\/10\/1-SEGURIDAD.jpg\" class=\"attachment- size-\" alt=\"SEGURIDAD_SALUD_OCUPACIONAL\" srcset=\"https:\/\/www.cenesamperu.pe\/formacion-academica\/wp-content\/uploads\/2020\/10\/1-SEGURIDAD.jpg 500w, https:\/\/www.cenesamperu.pe\/formacion-academica\/wp-content\/uploads\/2020\/10\/1-SEGURIDAD-300x225.jpg 300w\" sizes=\"(max-width: 500px) 100vw, 500px\" \/>\t\t\t\t<div class=\"overlay\" style=\"background-color:1\"><\/div>\t\t\t\t\t\t\t<\/div>\n\t\t\t<\/a>\t\t<\/div>\n\n\t\t<div class=\"box-text text-center\" style=\"background-color:rgba(4, 4, 4, 0.5);\">\n\t\t\t<div class=\"box-text-inner\">\n\t\t\t\t\n\n<h4>Seguridad, salud ocupacional, medio ambiente y calidad <\/h4>\n\n\t\t\t<\/div>\n\t\t<\/div>\n\t<\/div>\n\t\n\n\t\t<\/div>\n\t\t\t<\/div>\n\n\t\n\n\t<div id=\"col-638115572\" class=\"col medium-3 small-6 large-3\"  >\n\t\t<div class=\"col-inner\"  >\n\t\t\t\n\t\t\t\n\n\t<div class=\"box has-hover   has-hover box-overlay dark box-text-bottom\" >\n\n\t\t<div class=\"box-image\" >\n\t\t\t<a href=\"\/formacion-academica\/gestion-elaboracion-y-evaluacion-de-estudios-de-impacto-ambiental\"  >\t\t\t<div class=\"image-zoom\" >\n\t\t\t\t<img decoding=\"async\" width=\"500\" height=\"375\" src=\"https:\/\/www.cenesamperu.pe\/formacion-academica\/wp-content\/uploads\/2020\/10\/2-GESTION_ELABORACION_Y_EVALUACION_DE_ESTUDIOS_DE_IMPACTO_AMBIENTAL.jpg\" class=\"attachment- size-\" alt=\"GESTION_ELABORACION_Y_EVALUACION_DE_ESTUDIOS_DE_IMPACTO_AMBIENTAL\" srcset=\"https:\/\/www.cenesamperu.pe\/formacion-academica\/wp-content\/uploads\/2020\/10\/2-GESTION_ELABORACION_Y_EVALUACION_DE_ESTUDIOS_DE_IMPACTO_AMBIENTAL.jpg 500w, https:\/\/www.cenesamperu.pe\/formacion-academica\/wp-content\/uploads\/2020\/10\/2-GESTION_ELABORACION_Y_EVALUACION_DE_ESTUDIOS_DE_IMPACTO_AMBIENTAL-300x225.jpg 300w\" sizes=\"(max-width: 500px) 100vw, 500px\" \/>\t\t\t\t<div class=\"overlay\" style=\"background-color:1\"><\/div>\t\t\t\t\t\t\t<\/div>\n\t\t\t<\/a>\t\t<\/div>\n\n\t\t<div class=\"box-text text-center\" style=\"background-color:rgba(4, 4, 4, 0.5);\">\n\t\t\t<div class=\"box-text-inner\">\n\t\t\t\t\n\n<h4>Gesti\u00f3n, elaboraci\u00f3n y evaluaci\u00f3n de estudios de impacto ambiental<\/h4>\n\n\t\t\t<\/div>\n\t\t<\/div>\n\t<\/div>\n\t\n\n\t\t<\/div>\n\t\t\t<\/div>\n\n\t\n\n\t<div id=\"col-789130571\" class=\"col medium-3 small-6 large-3\"  >\n\t\t<div class=\"col-inner\"  >\n\t\t\t\n\t\t\t\n\n\t<div class=\"box has-hover   has-hover box-overlay dark box-text-bottom\" >\n\n\t\t<div class=\"box-image\" >\n\t\t\t<a href=\"\/formacion-academica\/gestion-integral-de-residuos-solidos-y-economia-circular\"  >\t\t\t<div class=\"image-zoom\" >\n\t\t\t\t<img loading=\"lazy\" decoding=\"async\" width=\"500\" height=\"375\" src=\"https:\/\/www.cenesamperu.pe\/formacion-academica\/wp-content\/uploads\/2020\/10\/3-GESTION_INTEGRAL_DE_RESIDUOS_SOLIDOS_Y_ECONOMIA_CIRCULAR.jpg\" class=\"attachment- size-\" alt=\"GESTION_INTEGRAL_DE_RESIDUOS_SOLIDOS_Y_ECONOMIA_CIRCULAR\" srcset=\"https:\/\/www.cenesamperu.pe\/formacion-academica\/wp-content\/uploads\/2020\/10\/3-GESTION_INTEGRAL_DE_RESIDUOS_SOLIDOS_Y_ECONOMIA_CIRCULAR.jpg 500w, https:\/\/www.cenesamperu.pe\/formacion-academica\/wp-content\/uploads\/2020\/10\/3-GESTION_INTEGRAL_DE_RESIDUOS_SOLIDOS_Y_ECONOMIA_CIRCULAR-300x225.jpg 300w\" sizes=\"(max-width: 500px) 100vw, 500px\" \/>\t\t\t\t<div class=\"overlay\" style=\"background-color:1\"><\/div>\t\t\t\t\t\t\t<\/div>\n\t\t\t<\/a>\t\t<\/div>\n\n\t\t<div class=\"box-text text-center\" style=\"background-color:rgba(4, 4, 4, 0.5);\">\n\t\t\t<div class=\"box-text-inner\">\n\t\t\t\t\n\n<h4>Econom\u00eda circular y valorizaci\u00f3n de residuos s\u00f3lidos <\/h4>\n\n\t\t\t<\/div>\n\t\t<\/div>\n\t<\/div>\n\t\n\n\t\t<\/div>\n\t\t\t<\/div>\n\n\t\n\n\t<div id=\"col-477355099\" class=\"col medium-3 small-6 large-3\"  >\n\t\t<div class=\"col-inner\"  >\n\t\t\t\n\t\t\t\n\n\t<div class=\"box has-hover   has-hover box-overlay dark box-text-bottom\" >\n\n\t\t<div class=\"box-image\" >\n\t\t\t<a href=\"\/formacion-academica\/gestion-y-tratamiento-de-aguas-residuales\"  >\t\t\t<div class=\"image-zoom\" >\n\t\t\t\t<img loading=\"lazy\" decoding=\"async\" width=\"500\" height=\"375\" src=\"https:\/\/www.cenesamperu.pe\/formacion-academica\/wp-content\/uploads\/2020\/10\/4-Planta_de_tratamiento_de_aguas_residuales_y_saneamiento.jpg\" class=\"attachment- size-\" alt=\"Planta_de_tratamiento_de_aguas_residuales_y_saneamiento\" srcset=\"https:\/\/www.cenesamperu.pe\/formacion-academica\/wp-content\/uploads\/2020\/10\/4-Planta_de_tratamiento_de_aguas_residuales_y_saneamiento.jpg 500w, https:\/\/www.cenesamperu.pe\/formacion-academica\/wp-content\/uploads\/2020\/10\/4-Planta_de_tratamiento_de_aguas_residuales_y_saneamiento-300x225.jpg 300w\" sizes=\"(max-width: 500px) 100vw, 500px\" \/>\t\t\t\t<div class=\"overlay\" style=\"background-color:1\"><\/div>\t\t\t\t\t\t\t<\/div>\n\t\t\t<\/a>\t\t<\/div>\n\n\t\t<div class=\"box-text text-center\" style=\"background-color:rgba(4, 4, 4, 0.5);\">\n\t\t\t<div class=\"box-text-inner\">\n\t\t\t\t\n\n<h4>Gesti\u00f3n y tratamiento de aguas residuales<\/h4>\n\n\t\t\t<\/div>\n\t\t<\/div>\n\t<\/div>\n\t\n\n\t\t<\/div>\n\t\t\t<\/div>\n\n\t\n\n<\/div>\n<div class=\"row row-small\"  id=\"row-2094669050\">\n\n\n\t<div id=\"col-1287570127\" class=\"col medium-3 small-6 large-3\"  >\n\t\t<div class=\"col-inner\"  >\n\t\t\t\n\t\t\t\n\n\t<div class=\"box has-hover   has-hover box-overlay dark box-text-bottom\" >\n\n\t\t<div class=\"box-image\" >\n\t\t\t<a href=\"\/formacion-academica\/monitoreo-de-la-calidad-ambiental-y-ocupacional\"  >\t\t\t<div class=\"image-zoom\" >\n\t\t\t\t<img loading=\"lazy\" decoding=\"async\" width=\"500\" height=\"375\" src=\"https:\/\/www.cenesamperu.pe\/formacion-academica\/wp-content\/uploads\/2020\/10\/5-MONITOREO_AMBIENTAL_Y_OCUPACIONAL.jpg\" class=\"attachment- size-\" alt=\"MONITOREO_AMBIENTAL_Y_OCUPACIONAL\" srcset=\"https:\/\/www.cenesamperu.pe\/formacion-academica\/wp-content\/uploads\/2020\/10\/5-MONITOREO_AMBIENTAL_Y_OCUPACIONAL.jpg 500w, https:\/\/www.cenesamperu.pe\/formacion-academica\/wp-content\/uploads\/2020\/10\/5-MONITOREO_AMBIENTAL_Y_OCUPACIONAL-300x225.jpg 300w\" sizes=\"(max-width: 500px) 100vw, 500px\" \/>\t\t\t\t<div class=\"overlay\" style=\"background-color:1\"><\/div>\t\t\t\t\t\t\t<\/div>\n\t\t\t<\/a>\t\t<\/div>\n\n\t\t<div class=\"box-text text-center\" style=\"background-color:rgba(4, 4, 4, 0.5);\">\n\t\t\t<div class=\"box-text-inner\">\n\t\t\t\t\n\n<h4>Monitoreo de la calidad ambiental y ocupacional<\/h4>\n\n\t\t\t<\/div>\n\t\t<\/div>\n\t<\/div>\n\t\n\n\t\t<\/div>\n\t\t\t<\/div>\n\n\t\n\n\t<div id=\"col-1657270302\" class=\"col medium-3 small-6 large-3\"  >\n\t\t<div class=\"col-inner\"  >\n\t\t\t\n\t\t\t\n\n\t<div class=\"box has-hover   has-hover box-overlay dark box-text-bottom\" >\n\n\t\t<div class=\"box-image\" >\n\t\t\t<a href=\"\/formacion-academica\/gestion-y-manejo-de-residuos-solidos-municipales-y-no-municipales\"  >\t\t\t<div class=\"image-zoom\" >\n\t\t\t\t<img loading=\"lazy\" decoding=\"async\" width=\"500\" height=\"375\" src=\"https:\/\/www.cenesamperu.pe\/formacion-academica\/wp-content\/uploads\/2020\/10\/6-GESTION_Y_MANEJO_DE_RESIDUOS_SOLIDOS_MUNICIPALES_Y_NOMUNICIPALES.jpg\" class=\"attachment- size-\" alt=\"GESTION_Y_MANEJO_DE_RESIDUOS_SOLIDOS_MUNICIPALES_Y_NOMUNICIPALES\" srcset=\"https:\/\/www.cenesamperu.pe\/formacion-academica\/wp-content\/uploads\/2020\/10\/6-GESTION_Y_MANEJO_DE_RESIDUOS_SOLIDOS_MUNICIPALES_Y_NOMUNICIPALES.jpg 500w, https:\/\/www.cenesamperu.pe\/formacion-academica\/wp-content\/uploads\/2020\/10\/6-GESTION_Y_MANEJO_DE_RESIDUOS_SOLIDOS_MUNICIPALES_Y_NOMUNICIPALES-300x225.jpg 300w\" sizes=\"(max-width: 500px) 100vw, 500px\" \/>\t\t\t\t<div class=\"overlay\" style=\"background-color:1\"><\/div>\t\t\t\t\t\t\t<\/div>\n\t\t\t<\/a>\t\t<\/div>\n\n\t\t<div class=\"box-text text-center\" style=\"background-color:rgba(4, 4, 4, 0.5);\">\n\t\t\t<div class=\"box-text-inner\">\n\t\t\t\t\n\n<h4>Gesti\u00f3n y manejo de residuos s\u00f3lidos<\/h4>\n\n\t\t\t<\/div>\n\t\t<\/div>\n\t<\/div>\n\t\n\n\t\t<\/div>\n\t\t\t<\/div>\n\n\t\n\n\t<div id=\"col-1948872425\" class=\"col medium-3 small-6 large-3\"  >\n\t\t<div class=\"col-inner\"  >\n\t\t\t\n\t\t\t\n\n\t<div class=\"box has-hover   has-hover box-overlay dark box-text-bottom\" >\n\n\t\t<div class=\"box-image\" >\n\t\t\t<a href=\"\/formacion-academica\/monitoreo-de-la-calidad-ambiental\"  >\t\t\t<div class=\"image-zoom\" >\n\t\t\t\t<img loading=\"lazy\" decoding=\"async\" width=\"500\" height=\"375\" src=\"https:\/\/www.cenesamperu.pe\/formacion-academica\/wp-content\/uploads\/2020\/10\/7-MONITOREO_DE_LA_CALIDAD_AMBIENTAL.jpg\" class=\"attachment- size-\" alt=\"MONITOREO_DE_LA_CALIDAD_AMBIENTAL\" srcset=\"https:\/\/www.cenesamperu.pe\/formacion-academica\/wp-content\/uploads\/2020\/10\/7-MONITOREO_DE_LA_CALIDAD_AMBIENTAL.jpg 500w, https:\/\/www.cenesamperu.pe\/formacion-academica\/wp-content\/uploads\/2020\/10\/7-MONITOREO_DE_LA_CALIDAD_AMBIENTAL-300x225.jpg 300w\" sizes=\"(max-width: 500px) 100vw, 500px\" \/>\t\t\t\t<div class=\"overlay\" style=\"background-color:1\"><\/div>\t\t\t\t\t\t\t<\/div>\n\t\t\t<\/a>\t\t<\/div>\n\n\t\t<div class=\"box-text text-center\" style=\"background-color:rgba(4, 4, 4, 0.5);\">\n\t\t\t<div class=\"box-text-inner\">\n\t\t\t\t\n\n<h4>Monitoreo de la calidad ambiental<\/h4>\n\n\t\t\t<\/div>\n\t\t<\/div>\n\t<\/div>\n\t\n\n\t\t<\/div>\n\t\t\t<\/div>\n\n\t\n\n\t<div id=\"col-27300714\" class=\"col medium-3 small-6 large-3\"  >\n\t\t<div class=\"col-inner\"  >\n\t\t\t\n\t\t\t\n\n\t<div class=\"box has-hover   has-hover box-overlay dark box-text-bottom\" >\n\n\t\t<div class=\"box-image\" >\n\t\t\t<a href=\"\/formacion-academica\/supervision-en-medio-ambiente\"  >\t\t\t<div class=\"image-zoom\" >\n\t\t\t\t<img loading=\"lazy\" decoding=\"async\" width=\"500\" height=\"375\" src=\"https:\/\/www.cenesamperu.pe\/formacion-academica\/wp-content\/uploads\/2020\/10\/8-SUPERVISION_EN_MEDIO_AMBIENTE.jpg\" class=\"attachment- size-\" alt=\"SUPERVISION_EN_MEDIO_AMBIENTE\" srcset=\"https:\/\/www.cenesamperu.pe\/formacion-academica\/wp-content\/uploads\/2020\/10\/8-SUPERVISION_EN_MEDIO_AMBIENTE.jpg 500w, https:\/\/www.cenesamperu.pe\/formacion-academica\/wp-content\/uploads\/2020\/10\/8-SUPERVISION_EN_MEDIO_AMBIENTE-300x225.jpg 300w\" sizes=\"(max-width: 500px) 100vw, 500px\" \/>\t\t\t\t<div class=\"overlay\" style=\"background-color:1\"><\/div>\t\t\t\t\t\t\t<\/div>\n\t\t\t<\/a>\t\t<\/div>\n\n\t\t<div class=\"box-text text-center\" style=\"background-color:rgba(4, 4, 4, 0.5);\">\n\t\t\t<div class=\"box-text-inner\">\n\t\t\t\t\n\n<h4>Supervisi\u00f3n en medio ambiente<\/h4>\n\n\t\t\t<\/div>\n\t\t<\/div>\n\t<\/div>\n\t\n\n\t\t<\/div>\n\t\t\t<\/div>\n\n\t\n\n<\/div>\n\n\n\t\t<\/div>\n\n\t\t\n<style>\n#section_1803874216 {\n  padding-top: 30px;\n  padding-bottom: 30px;\n}\n<\/style>\n\t<\/section>\n\t\n\n","protected":false},"excerpt":{"rendered":"","protected":false},"author":1,"featured_media":0,"parent":0,"menu_order":0,"comment_status":"closed","ping_status":"closed","template":"page-blank.php","meta":{"footnotes":""},"class_list":["post-586","page","type-page","status-publish","hentry"],"_links":{"self":[{"href":"https:\/\/www.cenesamperu.pe\/formacion-academica\/wp-json\/wp\/v2\/pages\/586","targetHints":{"allow":["GET"]}}],"collection":[{"href":"https:\/\/www.cenesamperu.pe\/formacion-academica\/wp-json\/wp\/v2\/pages"}],"about":[{"href":"https:\/\/www.cenesamperu.pe\/formacion-academica\/wp-json\/wp\/v2\/types\/page"}],"author":[{"embeddable":true,"href":"https:\/\/www.cenesamperu.pe\/formacion-academica\/wp-json\/wp\/v2\/users\/1"}],"replies":[{"embeddable":true,"href":"https:\/\/www.cenesamperu.pe\/formacion-academica\/wp-json\/wp\/v2\/comments?post=586"}],"version-history":[{"count":9,"href":"https:\/\/www.cenesamperu.pe\/formacion-academica\/wp-json\/wp\/v2\/pages\/586\/revisions"}],"predecessor-version":[{"id":1933,"href":"https:\/\/www.cenesamperu.pe\/formacion-academica\/wp-json\/wp\/v2\/pages\/586\/revisions\/1933"}],"wp:attachment":[{"href":"https:\/\/www.cenesamperu.pe\/formacion-academica\/wp-json\/wp\/v2\/media?parent=586"}],"curies":[{"name":"wp","href":"https:\/\/api.w.org\/{rel}","templated":true}]}}