{"id":588,"date":"2020-10-21T12:45:47","date_gmt":"2020-10-21T17:45:47","guid":{"rendered":"https:\/\/techness.pe\/cenesam\/?page_id=588"},"modified":"2021-02-13T00:17:24","modified_gmt":"2021-02-13T05:17:24","slug":"monitoreo-de-la-calidad-ambiental-y-ocupacional","status":"publish","type":"page","link":"https:\/\/www.cenesamperu.pe\/formacion-academica\/monitoreo-de-la-calidad-ambiental-y-ocupacional\/","title":{"rendered":"MONITOREO DE LA CALIDAD AMBIENTAL Y OCUPACIONAL"},"content":{"rendered":"\n<div class=\"slider-wrapper relative\" id=\"slider-1004780051\" >\n    <div class=\"slider slider-nav-circle slider-nav-large slider-nav-light slider-style-normal\"\n        data-flickity-options='{\n            \"cellAlign\": \"center\",\n            \"imagesLoaded\": true,\n            \"lazyLoad\": 1,\n            \"freeScroll\": false,\n            \"wrapAround\": false,\n            \"autoPlay\": false,\n            \"pauseAutoPlayOnHover\" : false,\n            \"prevNextButtons\": false,\n            \"contain\" : true,\n            \"adaptiveHeight\" : true,\n            \"dragThreshold\" : 10,\n            \"percentPosition\": true,\n            \"pageDots\": false,\n            \"rightToLeft\": false,\n            \"draggable\": false,\n            \"selectedAttraction\": 0.1,\n            \"parallax\" : 0,\n            \"friction\": 0.6        }'\n        >\n        \n\n\n  <div class=\"banner has-hover\" id=\"banner-517740778\">\n          <div class=\"banner-inner fill\">\n        <div class=\"banner-bg fill\" >\n            <div class=\"bg fill bg-fill bg-loaded\"><\/div>\n                                    \n                    <\/div>\n        <div class=\"banner-layers container\">\n            <div class=\"fill banner-link\"><\/div>            \n\n   <div id=\"text-box-1489397071\" class=\"text-box banner-layer x50 md-x50 lg-x50 y50 md-y50 lg-y50 res-text\">\n                     <div data-animate=\"fadeInDown\">           <div class=\"text dark\">\n              \n              <div class=\"text-inner text-center\">\n                  \n\n<h2>Monitoreo de la Calidad Ambiental y Ocupacional<\/h2>\n\n              <\/div>\n           <\/div>\n       <\/div>                     \n<style>\n#text-box-1489397071 {\n  width: 80%;\n}\n#text-box-1489397071 .text {\n  font-size: 100%;\n}\n<\/style>\n    <\/div>\n \n\n        <\/div>\n      <\/div>\n\n            \n<style>\n#banner-517740778 {\n  padding-top: 300px;\n}\n#banner-517740778 .bg.bg-loaded {\n  background-image: url(https:\/\/www.cenesamperu.pe\/formacion-academica\/wp-content\/uploads\/2020\/12\/Monitoreo-de-la-Calidad-Ambiental-y-Ocupacional-1024x213.jpg);\n}\n<\/style>\n  <\/div>\n\n\n\n     <\/div>\n\n     <div class=\"loading-spin dark large centered\"><\/div>\n\n     <\/div>\n\n\n\t<section class=\"section\" id=\"section_323805562\">\n\t\t<div class=\"bg section-bg fill bg-fill bg-loaded bg-loaded\" >\n\n\t\t\t\n\t\t\t\n\t\t\t\n\n\t\t<\/div>\n\n\t\t<div class=\"section-content relative\">\n\t\t\t\n\n<div class=\"row\"  id=\"row-1089431998\">\n\n\n\t<div id=\"col-838996400\" class=\"col medium-8 small-12 large-8\"  >\n\t\t<div class=\"col-inner\"  >\n\t\t\t\n\t\t\t\n\n<h4 class=\"uppercase\">MONITOREO DE LA CALIDAD AMBIENTAL Y OCUPACIONAL<\/h4>\n\n\t\t<div class=\"tabbed-content\">\n\t\t\t\n\t\t\t<ul class=\"nav nav-tabs nav-normal nav-size-large nav-left\"><li class=\"tab active has-icon\"><a href=\"#tab_presentaci\u00f3n\"><span>Presentaci\u00f3n<\/span><\/a><\/li>\n<li class=\"tab has-icon\"><a href=\"#tab_caracter\u00edsticas\"><span>Caracter\u00edsticas<\/span><\/a><\/li>\n<li class=\"tab has-icon\"><a href=\"#tab_temario\"><span>Temario<\/span><\/a><\/li><\/ul><div class=\"tab-panels\"><div class=\"panel active entry-content\" id=\"tab_presentaci\u00f3n\">\n\n<p>Este diplomado permite a todos los participantes obtener conocimientos s\u00f3lidos de monitoreo de agentes ocupacionales, siendo de suma importancia para una organizaci\u00f3n buscar cuidar el bienestar de sus trabajadores, por lo que se tiene que proteger y mejorar las condiciones de salud del personal. Adem\u00e1s, podr\u00e1 conocer el cuidado ambiental, identificar los est\u00e1ndares de calidad ambiental y obtendr\u00e1 los conocimientos necesarios para monitorear y evaluar la calidad del agua, el suelo, el aire y otros aspectos ambientales.\u00a1Ent\u00e9rate de m\u00e1s aqu\u00ed!<\/p>\n\n<\/div>\n<div class=\"panel entry-content\" id=\"tab_caracter\u00edsticas\">\n\n<p>Dirigido a: <\/p>\n<p>Estudiantes, profesionales y p\u00fablico en general que tengan relaci\u00f3n con el monitoreo de la calidad ambiental y de agentes ocupacionales o deseen ampliar sus conocimientos.<\/p>\n<p><b>Duraci\u00f3n:<\/b> 5 meses<\/p>\n<p><b>Cr\u00e9ditos:<\/b> 384 horas acad\u00e9micas<\/p>\n\n<\/div>\n<div class=\"panel entry-content\" id=\"tab_temario\">\n\n<h3 class=\"accordion_title\">M\u00f3dulos:<\/h3><div class=\"accordion\" rel=\"\">\n\n<div class=\"accordion-item\"><a href=\"#\" class=\"accordion-title plain\"><button class=\"toggle\"><i class=\"icon-angle-down\"><\/i><\/button><span>MODULO I - MONITOREO DE LA CALIDAD DEL AGUA<\/span><\/a><div class=\"accordion-inner\">\n\n<ul>\n<li>BASE LEGAL Y TEOR\u00cdA DE LA CALIDAD DE AGUA\n<li>MONITOREO DE LA CALIDAD DEL AGUA ( TEOR\u00cdA Y PRACTICA DE CAMPO)\n<li>PREPARACI\u00d3N Y REDACCI\u00d3N DE INFORMES TECNICOS\n<\/ul>\n\n<\/div><\/div>\n<div class=\"accordion-item\"><a href=\"#\" class=\"accordion-title plain\"><button class=\"toggle\"><i class=\"icon-angle-down\"><\/i><\/button><span>MODULO II - MONITOREO DE LA CALIDAD DEL AIRE<\/span><\/a><div class=\"accordion-inner\">\n\n<ul>\n<li>METEREOLOG\u00cdA\n<li>MATERIAL PARTICULADO Y METALES\n<li>GASES CONTAMINANTES Y RUIDO AMBIENTAL ( TEOR\u00cdA Y PRACTICA DE CAMPO)\n<li>PREPARACI\u00d3N Y REDACCION DE INFORMES TECNICOS\n<\/ul>\n\n<\/div><\/div>\n<div class=\"accordion-item\"><a href=\"#\" class=\"accordion-title plain\"><button class=\"toggle\"><i class=\"icon-angle-down\"><\/i><\/button><span>MODULO III - MONITOREO DE LA CALIDAD DEL SUELO<\/span><\/a><div class=\"accordion-inner\">\n\n<ul>\n<li>BASE LEGAL ECA SUELO IDENTIFICACI\u00d3N\n<li>FASE DE CARACTERIZACI\u00d3N( TEOR\u00cdA Y PRACTICA DE CAMPO)\n<li>PREPARACI\u00d3N Y REDACCI\u00d3N DE INFORMES TECNICOS\n<\/ul>\n\n<\/div><\/div>\n<div class=\"accordion-item\"><a href=\"#\" class=\"accordion-title plain\"><button class=\"toggle\"><i class=\"icon-angle-down\"><\/i><\/button><span>MODULO IV - MONITOREO DE AGENTES FISICOS<\/span><\/a><div class=\"accordion-inner\">\n\n<ul>\n<li>TEOR\u00cdA Y CASOS PRACTICOS\n<\/ul>\n\n<\/div><\/div>\n<div class=\"accordion-item\"><a href=\"#\" class=\"accordion-title plain\"><button class=\"toggle\"><i class=\"icon-angle-down\"><\/i><\/button><span>MODULO V - MONITOREO DE AGENTES QU\u00cdMICOS<\/span><\/a><div class=\"accordion-inner\">\n\n<ul>\n<li>TEOR\u00cdA Y CASOS PRACTICOS\n<\/ul>\n\n<\/div><\/div>\n<div class=\"accordion-item\"><a href=\"#\" class=\"accordion-title plain\"><button class=\"toggle\"><i class=\"icon-angle-down\"><\/i><\/button><span>MODULO VI - MONITOREO DE AGENTES BIOL\u00d3GICOS<\/span><\/a><div class=\"accordion-inner\">\n\n<ul>\n<li>TEOR\u00cdA Y CASOS PRACTICOS\n<\/ul>\n\n<\/div><\/div>\n<div class=\"accordion-item\"><a href=\"#\" class=\"accordion-title plain\"><button class=\"toggle\"><i class=\"icon-angle-down\"><\/i><\/button><span>MODULO VII - EVALUACI\u00d3N DE RIESGOS DISERGON\u00d3MICOS<\/span><\/a><div class=\"accordion-inner\">\n\n<ul>\n<li>TEOR\u00cdA Y CASOS PRACTICOS\n<\/ul>\n\n<\/div><\/div>\n<div class=\"accordion-item\"><a href=\"#\" class=\"accordion-title plain\"><button class=\"toggle\"><i class=\"icon-angle-down\"><\/i><\/button><span>MODULO VIII - EVALUACI\u00d3N DE RIESGOS PSICOSOCIAL<\/span><\/a><div class=\"accordion-inner\">\n\n<ul>\n<li>TEOR\u00cdA Y CASOS PRACTICOS\n<li>MANEJO DE EQUIPOS OCUPACIONALES(CLASE PRACTICA)\n<\/ul>\n\n<\/div><\/div>\n<div class=\"accordion-item\"><a href=\"#\" class=\"accordion-title plain\"><button class=\"toggle\"><i class=\"icon-angle-down\"><\/i><\/button><span>MODULO IX - PREPARACION Y REDACCION DE INFORMES<\/span><\/a><div class=\"accordion-inner\">\n\n<ul>\n<li>TEOR\u00cdA Y CASOS PRACTICOS\n<\/ul>\n\n<\/div><\/div>\n\n<\/div>\n\n<\/div><\/div><\/div>\n\n\t\t<\/div>\n\t\t\t<\/div>\n\n\t\n\n\t<div id=\"col-266051839\" class=\"col medium-4 small-12 large-4\"  >\n\t\t<div class=\"col-inner\"  >\n\t\t\t\n\t\t\t\n\n<h5 class=\"uppercase\">Solicita informaci\u00f3n aqu\u00ed<\/h5>\n\n<div class=\"wpcf7 no-js\" id=\"wpcf7-f453-o1\" lang=\"es-PE\" dir=\"ltr\" data-wpcf7-id=\"453\">\n<div class=\"screen-reader-response\"><p role=\"status\" aria-live=\"polite\" aria-atomic=\"true\"><\/p> <ul><\/ul><\/div>\n<form action=\"\/formacion-academica\/wp-json\/wp\/v2\/pages\/588#wpcf7-f453-o1\" method=\"post\" class=\"wpcf7-form init\" aria-label=\"Contact form\" novalidate=\"novalidate\" data-status=\"init\">\n<div style=\"display: none;\">\n<input type=\"hidden\" name=\"_wpcf7\" value=\"453\" \/>\n<input type=\"hidden\" name=\"_wpcf7_version\" value=\"6.0.6\" \/>\n<input type=\"hidden\" name=\"_wpcf7_locale\" value=\"es_PE\" \/>\n<input type=\"hidden\" name=\"_wpcf7_unit_tag\" value=\"wpcf7-f453-o1\" \/>\n<input type=\"hidden\" name=\"_wpcf7_container_post\" value=\"0\" \/>\n<input type=\"hidden\" name=\"_wpcf7_posted_data_hash\" value=\"\" \/>\n<\/div>\n<div class=\"flex-row form-flat medium-flex-wrap\">\n\t<div class=\"flex-col flex-grow\">\n\t\t<p><span class=\"wpcf7-form-control-wrap\" data-name=\"nombre\"><input size=\"40\" maxlength=\"400\" class=\"wpcf7-form-control wpcf7-text wpcf7-validates-as-required\" aria-required=\"true\" aria-invalid=\"false\" placeholder=\"Nombres\" value=\"\" type=\"text\" name=\"nombre\" \/><\/span><br \/>\n<span class=\"wpcf7-form-control-wrap\" data-name=\"apellido\"><input size=\"40\" maxlength=\"400\" class=\"wpcf7-form-control wpcf7-text wpcf7-validates-as-required\" aria-required=\"true\" aria-invalid=\"false\" placeholder=\"Apellidos\" value=\"\" type=\"text\" name=\"apellido\" \/><\/span><br \/>\n<span class=\"wpcf7-form-control-wrap\" data-name=\"email\"><input size=\"40\" maxlength=\"400\" class=\"wpcf7-form-control wpcf7-email wpcf7-validates-as-required wpcf7-text wpcf7-validates-as-email\" aria-required=\"true\" aria-invalid=\"false\" placeholder=\"Correo electr\u00f3nico\" value=\"\" type=\"email\" name=\"email\" \/><\/span><br \/>\n<span class=\"wpcf7-form-control-wrap\" data-name=\"celular\"><input size=\"40\" maxlength=\"400\" class=\"wpcf7-form-control wpcf7-tel wpcf7-validates-as-required wpcf7-text wpcf7-validates-as-tel\" aria-required=\"true\" aria-invalid=\"false\" placeholder=\"Celular\" value=\"\" type=\"tel\" name=\"celular\" \/><\/span><br \/>\n<span class=\"wpcf7-form-control-wrap\" data-name=\"mensaje\"><textarea cols=\"40\" rows=\"10\" maxlength=\"2000\" class=\"wpcf7-form-control wpcf7-textarea wpcf7-validates-as-required\" aria-required=\"true\" aria-invalid=\"false\" placeholder=\"Ingrese mensaje\" name=\"mensaje\"><\/textarea><\/span>\n\t\t<\/p>\n\t\t<p><input class=\"wpcf7-form-control wpcf7-submit has-spinner button\" type=\"submit\" value=\"Enviar\" \/>\n\t\t<\/p>\n\t<\/div>\n<\/div><div class=\"wpcf7-response-output\" aria-hidden=\"true\"><\/div>\n<\/form>\n<\/div>\n\n\n\n\t\t<\/div>\n\t\t\t<\/div>\n\n\t\n\n<\/div>\n\n\t\t<\/div>\n\n\t\t\n<style>\n#section_323805562 {\n  padding-top: 30px;\n  padding-bottom: 30px;\n}\n<\/style>\n\t<\/section>\n\t\n\t<section class=\"section has-mask mask-arrow\" id=\"section_750800842\">\n\t\t<div class=\"bg section-bg fill bg-fill bg-loaded bg-loaded\" >\n\n\t\t\t\n\t\t\t<div class=\"section-bg-overlay absolute fill\"><\/div>\n\t\t\t\n\n\t\t<\/div>\n\n\t\t<div class=\"section-content relative\">\n\t\t\t\n\n<div class=\"row row-large align-middle\"  id=\"row-387809889\">\n\n\n\t<div id=\"col-265582093\" class=\"col medium-6 small-12 large-6\"  >\n\t\t<div class=\"col-inner text-center\"  >\n\t\t\t\n\t\t\t\n\n\t<div class=\"img has-hover x md-x lg-x y md-y lg-y\" id=\"image_921020557\">\n\t\t\t\t\t\t\t\t<div class=\"img-inner dark\" >\n\t\t\t<img fetchpriority=\"high\" decoding=\"async\" width=\"500\" height=\"500\" src=\"https:\/\/www.cenesamperu.pe\/formacion-academica\/wp-content\/uploads\/2020\/10\/MODALIDAD.png\" class=\"attachment-large size-large\" alt=\"MODALIDAD\" srcset=\"https:\/\/www.cenesamperu.pe\/formacion-academica\/wp-content\/uploads\/2020\/10\/MODALIDAD.png 500w, https:\/\/www.cenesamperu.pe\/formacion-academica\/wp-content\/uploads\/2020\/10\/MODALIDAD-300x300.png 300w, https:\/\/www.cenesamperu.pe\/formacion-academica\/wp-content\/uploads\/2020\/10\/MODALIDAD-150x150.png 150w, https:\/\/www.cenesamperu.pe\/formacion-academica\/wp-content\/uploads\/2020\/10\/MODALIDAD-100x100.png 100w\" sizes=\"(max-width: 500px) 100vw, 500px\" \/>\t\t\t\t\t\t\n\t\t\t\t\t<\/div>\n\t\t\t\t\t\t\t\t\n<style>\n#image_921020557 {\n  width: 60%;\n}\n<\/style>\n\t<\/div>\n\t\n\n\n\t\t<\/div>\n\t\t\t<\/div>\n\n\t\n\n\t<div id=\"col-382276350\" class=\"col medium-6 small-12 large-6\"  >\n\t\t<div class=\"col-inner text-center\"  >\n\t\t\t\n\t\t\t\n\n<h4 class=\"uppercase\">Descarga el brochure<\/h2>\n<a rel=\"noopener noreferrer\" href=\"https:\/\/cenesamperu.pe\/descargas\/DIPLOMADOS\/MONITOREO%20AMBIENTAL%20Y%20OCUPACIONAL.pdf\" target=\"_blank\" class=\"button primary lowercase\"  style=\"border-radius:10px;\">\n  <i class=\"icon-angle-down\" ><\/i>  <span>Dossier informativo<\/span>\n  <\/a>\n\n\n\n\t\t<\/div>\n\t\t\t<\/div>\n\n\t\n\n<\/div>\n\n\t\t<\/div>\n\n\t\t\n<style>\n#section_750800842 {\n  padding-top: 60px;\n  padding-bottom: 60px;\n  background-color: rgb(193, 193, 193);\n}\n#section_750800842 .section-bg-overlay {\n  background-color: rgba(255, 255, 255, 0.85);\n}\n<\/style>\n\t<\/section>\n\t\n\t<section class=\"section\" id=\"section_107737696\">\n\t\t<div class=\"bg section-bg fill bg-fill bg-loaded bg-loaded\" >\n\n\t\t\t\n\t\t\t\n\t\t\t\n\n\t\t<\/div>\n\n\t\t<div class=\"section-content relative\">\n\t\t\t\n\n\t<div id=\"text-181583888\" class=\"text\">\n\t\t\n\n<h2 class=\"uppercase\">Nuestros diplomados<\/h2>\n\t\t\n<style>\n#text-181583888 {\n  text-align: center;\n}\n<\/style>\n\t<\/div>\n\t\n<div class=\"row row-small\"  id=\"row-1824956722\">\n\n\n\t<div id=\"col-1627315073\" class=\"col medium-3 small-6 large-3\"  >\n\t\t<div class=\"col-inner\"  >\n\t\t\t\n\t\t\t\n\n\t<div class=\"box has-hover   has-hover box-overlay dark box-text-bottom\" >\n\n\t\t<div class=\"box-image\" >\n\t\t\t<a href=\"\/formacion-academica\/seguridad-salud-ocupacional-y-medio-ambiente\"  >\t\t\t<div class=\"image-zoom\" >\n\t\t\t\t<img decoding=\"async\" width=\"500\" height=\"375\" src=\"https:\/\/www.cenesamperu.pe\/formacion-academica\/wp-content\/uploads\/2020\/10\/1-SEGURIDAD.jpg\" class=\"attachment- size-\" alt=\"SEGURIDAD_SALUD_OCUPACIONAL\" srcset=\"https:\/\/www.cenesamperu.pe\/formacion-academica\/wp-content\/uploads\/2020\/10\/1-SEGURIDAD.jpg 500w, https:\/\/www.cenesamperu.pe\/formacion-academica\/wp-content\/uploads\/2020\/10\/1-SEGURIDAD-300x225.jpg 300w\" sizes=\"(max-width: 500px) 100vw, 500px\" \/>\t\t\t\t<div class=\"overlay\" style=\"background-color:1\"><\/div>\t\t\t\t\t\t\t<\/div>\n\t\t\t<\/a>\t\t<\/div>\n\n\t\t<div class=\"box-text text-center\" style=\"background-color:rgba(4, 4, 4, 0.5);\">\n\t\t\t<div class=\"box-text-inner\">\n\t\t\t\t\n\n<h4>Seguridad, salud ocupacional, medio ambiente y calidad <\/h4>\n\n\t\t\t<\/div>\n\t\t<\/div>\n\t<\/div>\n\t\n\n\t\t<\/div>\n\t\t\t<\/div>\n\n\t\n\n\t<div id=\"col-1415956985\" class=\"col medium-3 small-6 large-3\"  >\n\t\t<div class=\"col-inner\"  >\n\t\t\t\n\t\t\t\n\n\t<div class=\"box has-hover   has-hover box-overlay dark box-text-bottom\" >\n\n\t\t<div class=\"box-image\" >\n\t\t\t<a href=\"\/formacion-academica\/gestion-elaboracion-y-evaluacion-de-estudios-de-impacto-ambiental\"  >\t\t\t<div class=\"image-zoom\" >\n\t\t\t\t<img decoding=\"async\" width=\"500\" height=\"375\" src=\"https:\/\/www.cenesamperu.pe\/formacion-academica\/wp-content\/uploads\/2020\/10\/2-GESTION_ELABORACION_Y_EVALUACION_DE_ESTUDIOS_DE_IMPACTO_AMBIENTAL.jpg\" class=\"attachment- size-\" alt=\"GESTION_ELABORACION_Y_EVALUACION_DE_ESTUDIOS_DE_IMPACTO_AMBIENTAL\" srcset=\"https:\/\/www.cenesamperu.pe\/formacion-academica\/wp-content\/uploads\/2020\/10\/2-GESTION_ELABORACION_Y_EVALUACION_DE_ESTUDIOS_DE_IMPACTO_AMBIENTAL.jpg 500w, https:\/\/www.cenesamperu.pe\/formacion-academica\/wp-content\/uploads\/2020\/10\/2-GESTION_ELABORACION_Y_EVALUACION_DE_ESTUDIOS_DE_IMPACTO_AMBIENTAL-300x225.jpg 300w\" sizes=\"(max-width: 500px) 100vw, 500px\" \/>\t\t\t\t<div class=\"overlay\" style=\"background-color:1\"><\/div>\t\t\t\t\t\t\t<\/div>\n\t\t\t<\/a>\t\t<\/div>\n\n\t\t<div class=\"box-text text-center\" style=\"background-color:rgba(4, 4, 4, 0.5);\">\n\t\t\t<div class=\"box-text-inner\">\n\t\t\t\t\n\n<h4>Gesti\u00f3n, elaboraci\u00f3n y evaluaci\u00f3n de estudios de impacto ambiental<\/h4>\n\n\t\t\t<\/div>\n\t\t<\/div>\n\t<\/div>\n\t\n\n\t\t<\/div>\n\t\t\t<\/div>\n\n\t\n\n\t<div id=\"col-888669096\" class=\"col medium-3 small-6 large-3\"  >\n\t\t<div class=\"col-inner\"  >\n\t\t\t\n\t\t\t\n\n\t<div class=\"box has-hover   has-hover box-overlay dark box-text-bottom\" >\n\n\t\t<div class=\"box-image\" >\n\t\t\t<a href=\"\/formacion-academica\/gestion-integral-de-residuos-solidos-y-economia-circular\"  >\t\t\t<div class=\"image-zoom\" >\n\t\t\t\t<img loading=\"lazy\" decoding=\"async\" width=\"500\" height=\"375\" src=\"https:\/\/www.cenesamperu.pe\/formacion-academica\/wp-content\/uploads\/2020\/10\/3-GESTION_INTEGRAL_DE_RESIDUOS_SOLIDOS_Y_ECONOMIA_CIRCULAR.jpg\" class=\"attachment- size-\" alt=\"GESTION_INTEGRAL_DE_RESIDUOS_SOLIDOS_Y_ECONOMIA_CIRCULAR\" srcset=\"https:\/\/www.cenesamperu.pe\/formacion-academica\/wp-content\/uploads\/2020\/10\/3-GESTION_INTEGRAL_DE_RESIDUOS_SOLIDOS_Y_ECONOMIA_CIRCULAR.jpg 500w, https:\/\/www.cenesamperu.pe\/formacion-academica\/wp-content\/uploads\/2020\/10\/3-GESTION_INTEGRAL_DE_RESIDUOS_SOLIDOS_Y_ECONOMIA_CIRCULAR-300x225.jpg 300w\" sizes=\"(max-width: 500px) 100vw, 500px\" \/>\t\t\t\t<div class=\"overlay\" style=\"background-color:1\"><\/div>\t\t\t\t\t\t\t<\/div>\n\t\t\t<\/a>\t\t<\/div>\n\n\t\t<div class=\"box-text text-center\" style=\"background-color:rgba(4, 4, 4, 0.5);\">\n\t\t\t<div class=\"box-text-inner\">\n\t\t\t\t\n\n<h4>Econom\u00eda circular y valorizaci\u00f3n de residuos s\u00f3lidos <\/h4>\n\n\t\t\t<\/div>\n\t\t<\/div>\n\t<\/div>\n\t\n\n\t\t<\/div>\n\t\t\t<\/div>\n\n\t\n\n\t<div id=\"col-687146650\" class=\"col medium-3 small-6 large-3\"  >\n\t\t<div class=\"col-inner\"  >\n\t\t\t\n\t\t\t\n\n\t<div class=\"box has-hover   has-hover box-overlay dark box-text-bottom\" >\n\n\t\t<div class=\"box-image\" >\n\t\t\t<a href=\"\/formacion-academica\/gestion-y-tratamiento-de-aguas-residuales\"  >\t\t\t<div class=\"image-zoom\" >\n\t\t\t\t<img loading=\"lazy\" decoding=\"async\" width=\"500\" height=\"375\" src=\"https:\/\/www.cenesamperu.pe\/formacion-academica\/wp-content\/uploads\/2020\/10\/4-Planta_de_tratamiento_de_aguas_residuales_y_saneamiento.jpg\" class=\"attachment- size-\" alt=\"Planta_de_tratamiento_de_aguas_residuales_y_saneamiento\" srcset=\"https:\/\/www.cenesamperu.pe\/formacion-academica\/wp-content\/uploads\/2020\/10\/4-Planta_de_tratamiento_de_aguas_residuales_y_saneamiento.jpg 500w, https:\/\/www.cenesamperu.pe\/formacion-academica\/wp-content\/uploads\/2020\/10\/4-Planta_de_tratamiento_de_aguas_residuales_y_saneamiento-300x225.jpg 300w\" sizes=\"(max-width: 500px) 100vw, 500px\" \/>\t\t\t\t<div class=\"overlay\" style=\"background-color:1\"><\/div>\t\t\t\t\t\t\t<\/div>\n\t\t\t<\/a>\t\t<\/div>\n\n\t\t<div class=\"box-text text-center\" style=\"background-color:rgba(4, 4, 4, 0.5);\">\n\t\t\t<div class=\"box-text-inner\">\n\t\t\t\t\n\n<h4>Gesti\u00f3n y tratamiento de aguas residuales<\/h4>\n\n\t\t\t<\/div>\n\t\t<\/div>\n\t<\/div>\n\t\n\n\t\t<\/div>\n\t\t\t<\/div>\n\n\t\n\n<\/div>\n<div class=\"row row-small\"  id=\"row-565428876\">\n\n\n\t<div id=\"col-1106710270\" class=\"col medium-3 small-6 large-3\"  >\n\t\t<div class=\"col-inner\"  >\n\t\t\t\n\t\t\t\n\n\t<div class=\"box has-hover   has-hover box-overlay dark box-text-bottom\" >\n\n\t\t<div class=\"box-image\" >\n\t\t\t<a href=\"\/formacion-academica\/monitoreo-de-la-calidad-ambiental-y-ocupacional\"  >\t\t\t<div class=\"image-zoom\" >\n\t\t\t\t<img loading=\"lazy\" decoding=\"async\" width=\"500\" height=\"375\" src=\"https:\/\/www.cenesamperu.pe\/formacion-academica\/wp-content\/uploads\/2020\/10\/5-MONITOREO_AMBIENTAL_Y_OCUPACIONAL.jpg\" class=\"attachment- size-\" alt=\"MONITOREO_AMBIENTAL_Y_OCUPACIONAL\" srcset=\"https:\/\/www.cenesamperu.pe\/formacion-academica\/wp-content\/uploads\/2020\/10\/5-MONITOREO_AMBIENTAL_Y_OCUPACIONAL.jpg 500w, https:\/\/www.cenesamperu.pe\/formacion-academica\/wp-content\/uploads\/2020\/10\/5-MONITOREO_AMBIENTAL_Y_OCUPACIONAL-300x225.jpg 300w\" sizes=\"(max-width: 500px) 100vw, 500px\" \/>\t\t\t\t<div class=\"overlay\" style=\"background-color:1\"><\/div>\t\t\t\t\t\t\t<\/div>\n\t\t\t<\/a>\t\t<\/div>\n\n\t\t<div class=\"box-text text-center\" style=\"background-color:rgba(4, 4, 4, 0.5);\">\n\t\t\t<div class=\"box-text-inner\">\n\t\t\t\t\n\n<h4>Monitoreo de la calidad ambiental y ocupacional<\/h4>\n\n\t\t\t<\/div>\n\t\t<\/div>\n\t<\/div>\n\t\n\n\t\t<\/div>\n\t\t\t<\/div>\n\n\t\n\n\t<div id=\"col-2052531245\" class=\"col medium-3 small-6 large-3\"  >\n\t\t<div class=\"col-inner\"  >\n\t\t\t\n\t\t\t\n\n\t<div class=\"box has-hover   has-hover box-overlay dark box-text-bottom\" >\n\n\t\t<div class=\"box-image\" >\n\t\t\t<a href=\"\/formacion-academica\/gestion-y-manejo-de-residuos-solidos-municipales-y-no-municipales\"  >\t\t\t<div class=\"image-zoom\" >\n\t\t\t\t<img loading=\"lazy\" decoding=\"async\" width=\"500\" height=\"375\" src=\"https:\/\/www.cenesamperu.pe\/formacion-academica\/wp-content\/uploads\/2020\/10\/6-GESTION_Y_MANEJO_DE_RESIDUOS_SOLIDOS_MUNICIPALES_Y_NOMUNICIPALES.jpg\" class=\"attachment- size-\" alt=\"GESTION_Y_MANEJO_DE_RESIDUOS_SOLIDOS_MUNICIPALES_Y_NOMUNICIPALES\" srcset=\"https:\/\/www.cenesamperu.pe\/formacion-academica\/wp-content\/uploads\/2020\/10\/6-GESTION_Y_MANEJO_DE_RESIDUOS_SOLIDOS_MUNICIPALES_Y_NOMUNICIPALES.jpg 500w, https:\/\/www.cenesamperu.pe\/formacion-academica\/wp-content\/uploads\/2020\/10\/6-GESTION_Y_MANEJO_DE_RESIDUOS_SOLIDOS_MUNICIPALES_Y_NOMUNICIPALES-300x225.jpg 300w\" sizes=\"(max-width: 500px) 100vw, 500px\" \/>\t\t\t\t<div class=\"overlay\" style=\"background-color:1\"><\/div>\t\t\t\t\t\t\t<\/div>\n\t\t\t<\/a>\t\t<\/div>\n\n\t\t<div class=\"box-text text-center\" style=\"background-color:rgba(4, 4, 4, 0.5);\">\n\t\t\t<div class=\"box-text-inner\">\n\t\t\t\t\n\n<h4>Gesti\u00f3n y manejo de residuos s\u00f3lidos<\/h4>\n\n\t\t\t<\/div>\n\t\t<\/div>\n\t<\/div>\n\t\n\n\t\t<\/div>\n\t\t\t<\/div>\n\n\t\n\n\t<div id=\"col-667299192\" class=\"col medium-3 small-6 large-3\"  >\n\t\t<div class=\"col-inner\"  >\n\t\t\t\n\t\t\t\n\n\t<div class=\"box has-hover   has-hover box-overlay dark box-text-bottom\" >\n\n\t\t<div class=\"box-image\" >\n\t\t\t<a href=\"\/formacion-academica\/monitoreo-de-la-calidad-ambiental\"  >\t\t\t<div class=\"image-zoom\" >\n\t\t\t\t<img loading=\"lazy\" decoding=\"async\" width=\"500\" height=\"375\" src=\"https:\/\/www.cenesamperu.pe\/formacion-academica\/wp-content\/uploads\/2020\/10\/7-MONITOREO_DE_LA_CALIDAD_AMBIENTAL.jpg\" class=\"attachment- size-\" alt=\"MONITOREO_DE_LA_CALIDAD_AMBIENTAL\" srcset=\"https:\/\/www.cenesamperu.pe\/formacion-academica\/wp-content\/uploads\/2020\/10\/7-MONITOREO_DE_LA_CALIDAD_AMBIENTAL.jpg 500w, https:\/\/www.cenesamperu.pe\/formacion-academica\/wp-content\/uploads\/2020\/10\/7-MONITOREO_DE_LA_CALIDAD_AMBIENTAL-300x225.jpg 300w\" sizes=\"(max-width: 500px) 100vw, 500px\" \/>\t\t\t\t<div class=\"overlay\" style=\"background-color:1\"><\/div>\t\t\t\t\t\t\t<\/div>\n\t\t\t<\/a>\t\t<\/div>\n\n\t\t<div class=\"box-text text-center\" style=\"background-color:rgba(4, 4, 4, 0.5);\">\n\t\t\t<div class=\"box-text-inner\">\n\t\t\t\t\n\n<h4>Monitoreo de la calidad ambiental<\/h4>\n\n\t\t\t<\/div>\n\t\t<\/div>\n\t<\/div>\n\t\n\n\t\t<\/div>\n\t\t\t<\/div>\n\n\t\n\n\t<div id=\"col-1854614398\" class=\"col medium-3 small-6 large-3\"  >\n\t\t<div class=\"col-inner\"  >\n\t\t\t\n\t\t\t\n\n\t<div class=\"box has-hover   has-hover box-overlay dark box-text-bottom\" >\n\n\t\t<div class=\"box-image\" >\n\t\t\t<a href=\"\/formacion-academica\/supervision-en-medio-ambiente\"  >\t\t\t<div class=\"image-zoom\" >\n\t\t\t\t<img loading=\"lazy\" decoding=\"async\" width=\"500\" height=\"375\" src=\"https:\/\/www.cenesamperu.pe\/formacion-academica\/wp-content\/uploads\/2020\/10\/8-SUPERVISION_EN_MEDIO_AMBIENTE.jpg\" class=\"attachment- size-\" alt=\"SUPERVISION_EN_MEDIO_AMBIENTE\" srcset=\"https:\/\/www.cenesamperu.pe\/formacion-academica\/wp-content\/uploads\/2020\/10\/8-SUPERVISION_EN_MEDIO_AMBIENTE.jpg 500w, https:\/\/www.cenesamperu.pe\/formacion-academica\/wp-content\/uploads\/2020\/10\/8-SUPERVISION_EN_MEDIO_AMBIENTE-300x225.jpg 300w\" sizes=\"(max-width: 500px) 100vw, 500px\" \/>\t\t\t\t<div class=\"overlay\" style=\"background-color:1\"><\/div>\t\t\t\t\t\t\t<\/div>\n\t\t\t<\/a>\t\t<\/div>\n\n\t\t<div class=\"box-text text-center\" style=\"background-color:rgba(4, 4, 4, 0.5);\">\n\t\t\t<div class=\"box-text-inner\">\n\t\t\t\t\n\n<h4>Supervisi\u00f3n en medio ambiente<\/h4>\n\n\t\t\t<\/div>\n\t\t<\/div>\n\t<\/div>\n\t\n\n\t\t<\/div>\n\t\t\t<\/div>\n\n\t\n\n<\/div>\n\n\n\t\t<\/div>\n\n\t\t\n<style>\n#section_107737696 {\n  padding-top: 30px;\n  padding-bottom: 30px;\n}\n<\/style>\n\t<\/section>\n\t\n\n","protected":false},"excerpt":{"rendered":"","protected":false},"author":1,"featured_media":0,"parent":0,"menu_order":0,"comment_status":"closed","ping_status":"closed","template":"page-blank.php","meta":{"footnotes":""},"class_list":["post-588","page","type-page","status-publish","hentry"],"_links":{"self":[{"href":"https:\/\/www.cenesamperu.pe\/formacion-academica\/wp-json\/wp\/v2\/pages\/588","targetHints":{"allow":["GET"]}}],"collection":[{"href":"https:\/\/www.cenesamperu.pe\/formacion-academica\/wp-json\/wp\/v2\/pages"}],"about":[{"href":"https:\/\/www.cenesamperu.pe\/formacion-academica\/wp-json\/wp\/v2\/types\/page"}],"author":[{"embeddable":true,"href":"https:\/\/www.cenesamperu.pe\/formacion-academica\/wp-json\/wp\/v2\/users\/1"}],"replies":[{"embeddable":true,"href":"https:\/\/www.cenesamperu.pe\/formacion-academica\/wp-json\/wp\/v2\/comments?post=588"}],"version-history":[{"count":12,"href":"https:\/\/www.cenesamperu.pe\/formacion-academica\/wp-json\/wp\/v2\/pages\/588\/revisions"}],"predecessor-version":[{"id":1934,"href":"https:\/\/www.cenesamperu.pe\/formacion-academica\/wp-json\/wp\/v2\/pages\/588\/revisions\/1934"}],"wp:attachment":[{"href":"https:\/\/www.cenesamperu.pe\/formacion-academica\/wp-json\/wp\/v2\/media?parent=588"}],"curies":[{"name":"wp","href":"https:\/\/api.w.org\/{rel}","templated":true}]}}