{"id":638,"date":"2020-10-21T18:27:53","date_gmt":"2020-10-21T23:27:53","guid":{"rendered":"https:\/\/techness.pe\/cenesam\/?page_id=638"},"modified":"2021-01-28T10:11:19","modified_gmt":"2021-01-28T15:11:19","slug":"capacitacion-corporativa-2","status":"publish","type":"page","link":"https:\/\/www.cenesamperu.pe\/formacion-academica\/capacitacion-corporativa-2\/","title":{"rendered":"Capacitaci\u00f3n corporativa"},"content":{"rendered":"\n<div class=\"slider-wrapper relative\" id=\"slider-1153375200\" >\n    <div class=\"slider slider-nav-circle slider-nav-large slider-nav-light slider-style-normal\"\n        data-flickity-options='{\n            \"cellAlign\": \"center\",\n            \"imagesLoaded\": true,\n            \"lazyLoad\": 1,\n            \"freeScroll\": false,\n            \"wrapAround\": false,\n            \"autoPlay\": false,\n            \"pauseAutoPlayOnHover\" : false,\n            \"prevNextButtons\": false,\n            \"contain\" : true,\n            \"adaptiveHeight\" : true,\n            \"dragThreshold\" : 10,\n            \"percentPosition\": true,\n            \"pageDots\": false,\n            \"rightToLeft\": false,\n            \"draggable\": false,\n            \"selectedAttraction\": 0.1,\n            \"parallax\" : 0,\n            \"friction\": 0.6        }'\n        >\n        \n\n\n  <div class=\"banner has-hover\" id=\"banner-584005282\">\n          <div class=\"banner-inner fill\">\n        <div class=\"banner-bg fill\" >\n            <div class=\"bg fill bg-fill bg-loaded\"><\/div>\n                                    \n                    <\/div>\n        <div class=\"banner-layers container\">\n            <div class=\"fill banner-link\"><\/div>            \n\n   <div id=\"text-box-1319265881\" class=\"text-box banner-layer x50 md-x50 lg-x50 y50 md-y50 lg-y50 res-text\">\n                     <div data-animate=\"bounceIn\">           <div class=\"text dark\">\n              \n              <div class=\"text-inner text-center\">\n                  \n\n<h2 class=\"uppercase\">Capacitaci\u00f3n Corporativa<\/h2>\n\n              <\/div>\n           <\/div>\n       <\/div>                     \n<style>\n#text-box-1319265881 .text {\n  background-color: rgba(0, 0, 0, 0.5);\n  font-size: 100%;\n}\n#text-box-1319265881 {\n  width: 60%;\n}\n<\/style>\n    <\/div>\n \n\n        <\/div>\n      <\/div>\n\n            \n<style>\n#banner-584005282 {\n  padding-top: 400px;\n}\n#banner-584005282 .bg.bg-loaded {\n  background-image: url(https:\/\/www.cenesamperu.pe\/formacion-academica\/wp-content\/uploads\/2020\/12\/CAPACITACION-CORPORATIVA-1-1024x331.jpg);\n}\n#banner-584005282 .bg {\n  background-position: 50% 50%;\n}\n<\/style>\n  <\/div>\n\n\n\n     <\/div>\n\n     <div class=\"loading-spin dark large centered\"><\/div>\n\n     <\/div>\n\n\n\t<section class=\"section\" id=\"section_1562968440\">\n\t\t<div class=\"bg section-bg fill bg-fill bg-loaded bg-loaded\" >\n\n\t\t\t\n\t\t\t\n\t\t\t\n\n\t\t<\/div>\n\n\t\t<div class=\"section-content relative\">\n\t\t\t\n\n<div class=\"row row-large align-middle\"  id=\"row-284396199\">\n\n\n\t<div id=\"col-592816242\" class=\"col medium-7 small-12 large-7\"  >\n\t\t<div class=\"col-inner\"  >\n\t\t\t\n\t\t\t\n\n<p style=\"text-align: justify;\">En el Centro de Especializaci\u00f3n Ambiental desarrollamos capacitaciones certificadas, a trav\u00e9s de una metodolog\u00eda te\u00f3rico pr\u00e1ctico, de temas de seguridad ocupacional y salud en el trabajo, medio ambiente, impacto ambiental en diferentes sectores, monitoreo de la calidad ambiental, ocupacional u otros. Este servicio est\u00e1 dirigido a empresas privadas y entidades p\u00fablicas que desean contribuir con la formaci\u00f3n de sus profesionales para proyectos u \u00e1reas de trabajo, as\u00ed mismo, tiene la finalidad de brindar soluciones a las necesidades actuales que tienen las empresas de contar con un personal altamente calificado.<\/p>\n\n\t\t<\/div>\n\t\t\t<\/div>\n\n\t\n\n\t<div id=\"col-1015572369\" class=\"col medium-5 small-12 large-5\"  >\n\t\t<div class=\"col-inner\"  >\n\t\t\t\n\t\t\t\n\n\t<div class=\"img has-hover x md-x lg-x y md-y lg-y\" id=\"image_1068775987\">\n\t\t\t\t\t\t\t\t<div class=\"img-inner image-cover box-shadow-3 dark\" style=\"padding-top:300px;\">\n\t\t\t<img fetchpriority=\"high\" decoding=\"async\" width=\"600\" height=\"600\" src=\"https:\/\/www.cenesamperu.pe\/formacion-academica\/wp-content\/uploads\/2020\/10\/CAPACITACION-CORPORATIVA-1.jpg\" class=\"attachment-large size-large\" alt=\"CAPACITACION-CORPORATIVA\" srcset=\"https:\/\/www.cenesamperu.pe\/formacion-academica\/wp-content\/uploads\/2020\/10\/CAPACITACION-CORPORATIVA-1.jpg 600w, https:\/\/www.cenesamperu.pe\/formacion-academica\/wp-content\/uploads\/2020\/10\/CAPACITACION-CORPORATIVA-1-300x300.jpg 300w, https:\/\/www.cenesamperu.pe\/formacion-academica\/wp-content\/uploads\/2020\/10\/CAPACITACION-CORPORATIVA-1-150x150.jpg 150w, https:\/\/www.cenesamperu.pe\/formacion-academica\/wp-content\/uploads\/2020\/10\/CAPACITACION-CORPORATIVA-1-100x100.jpg 100w\" sizes=\"(max-width: 600px) 100vw, 600px\" \/>\t\t\t\t\t\t\n\t\t\t\t\t<\/div>\n\t\t\t\t\t\t\t\t\n<style>\n#image_1068775987 {\n  width: 100%;\n}\n<\/style>\n\t<\/div>\n\t\n\n\n\t\t<\/div>\n\t\t\t<\/div>\n\n\t\n\n<\/div>\n\n\t\t<\/div>\n\n\t\t\n<style>\n#section_1562968440 {\n  padding-top: 30px;\n  padding-bottom: 30px;\n  background-color: rgb(242, 242, 242);\n}\n<\/style>\n\t<\/section>\n\t\n\n","protected":false},"excerpt":{"rendered":"","protected":false},"author":1,"featured_media":0,"parent":0,"menu_order":0,"comment_status":"closed","ping_status":"closed","template":"page-blank.php","meta":{"footnotes":""},"class_list":["post-638","page","type-page","status-publish","hentry"],"_links":{"self":[{"href":"https:\/\/www.cenesamperu.pe\/formacion-academica\/wp-json\/wp\/v2\/pages\/638","targetHints":{"allow":["GET"]}}],"collection":[{"href":"https:\/\/www.cenesamperu.pe\/formacion-academica\/wp-json\/wp\/v2\/pages"}],"about":[{"href":"https:\/\/www.cenesamperu.pe\/formacion-academica\/wp-json\/wp\/v2\/types\/page"}],"author":[{"embeddable":true,"href":"https:\/\/www.cenesamperu.pe\/formacion-academica\/wp-json\/wp\/v2\/users\/1"}],"replies":[{"embeddable":true,"href":"https:\/\/www.cenesamperu.pe\/formacion-academica\/wp-json\/wp\/v2\/comments?post=638"}],"version-history":[{"count":12,"href":"https:\/\/www.cenesamperu.pe\/formacion-academica\/wp-json\/wp\/v2\/pages\/638\/revisions"}],"predecessor-version":[{"id":1439,"href":"https:\/\/www.cenesamperu.pe\/formacion-academica\/wp-json\/wp\/v2\/pages\/638\/revisions\/1439"}],"wp:attachment":[{"href":"https:\/\/www.cenesamperu.pe\/formacion-academica\/wp-json\/wp\/v2\/media?parent=638"}],"curies":[{"name":"wp","href":"https:\/\/api.w.org\/{rel}","templated":true}]}}