{"id":673,"date":"2020-10-25T11:57:39","date_gmt":"2020-10-25T16:57:39","guid":{"rendered":"https:\/\/techness.pe\/cenesam\/?page_id=673"},"modified":"2021-06-09T19:41:10","modified_gmt":"2021-06-10T00:41:10","slug":"contacto","status":"publish","type":"page","link":"https:\/\/www.cenesamperu.pe\/formacion-academica\/contacto\/","title":{"rendered":"Contacto"},"content":{"rendered":"\n\t<section class=\"section\" id=\"section_165448279\">\n\t\t<div class=\"bg section-bg fill bg-fill bg-loaded bg-loaded\" >\n\n\t\t\t\n\t\t\t\n\t\t\t\n\n\t\t<\/div>\n\n\t\t<div class=\"section-content relative\">\n\t\t\t\n\n\n  <div class=\"banner has-hover has-parallax\" id=\"banner-1888996539\">\n          <div class=\"banner-inner fill\">\n        <div class=\"banner-bg fill\" data-parallax=\"-7\" data-parallax-container=\".banner\" data-parallax-background>\n            <div class=\"bg fill bg-fill bg-loaded\"><\/div>\n                                    \n                    <\/div>\n        <div class=\"banner-layers container\">\n            <div class=\"fill banner-link\"><\/div>            \n\n   <div id=\"text-box-81760359\" class=\"text-box banner-layer x50 md-x5 lg-x5 y10 md-y50 lg-y50 res-text\">\n                                <div class=\"text dark\">\n              \n              <div class=\"text-inner text-center\">\n                  \n\n\t<div id=\"text-1517945077\" class=\"text\">\n\t\t\n\n<h3><b>Crece Profesionalmente<\/b><\/h3>\n<p>Conoce nuestros programas de Especializaci\u00f3n o Diplomados y alcanza tus metas<\/p>\n\t\t\n<style>\n#text-1517945077 {\n  text-align: center;\n}\n<\/style>\n\t<\/div>\n\t\n\n              <\/div>\n           <\/div>\n                            \n<style>\n#text-box-81760359 .text-inner {\n  padding: 15px 15px 15px 15px;\n}\n#text-box-81760359 {\n  width: 85%;\n}\n#text-box-81760359 .text {\n  font-size: 100%;\n}\n@media (min-width:550px) {\n  #text-box-81760359 {\n    width: 45%;\n  }\n}\n<\/style>\n    <\/div>\n \n   <div id=\"text-box-1080000428\" class=\"text-box banner-layer x50 md-x95 lg-x95 y90 md-y50 lg-y50 res-text\">\n                                <div class=\"text \">\n              \n              <div class=\"text-inner text-center\">\n                  \n\n<h3>\u00a1Nosotros te contactamos! <\/h3>\n\n<div class=\"wpcf7 no-js\" id=\"wpcf7-f684-o1\" lang=\"es-PE\" dir=\"ltr\" data-wpcf7-id=\"684\">\n<div class=\"screen-reader-response\"><p role=\"status\" aria-live=\"polite\" aria-atomic=\"true\"><\/p> <ul><\/ul><\/div>\n<form action=\"\/formacion-academica\/wp-json\/wp\/v2\/pages\/673#wpcf7-f684-o1\" method=\"post\" class=\"wpcf7-form init\" aria-label=\"Contact form\" novalidate=\"novalidate\" data-status=\"init\">\n<div style=\"display: none;\">\n<input type=\"hidden\" name=\"_wpcf7\" value=\"684\" \/>\n<input type=\"hidden\" name=\"_wpcf7_version\" value=\"6.0.6\" \/>\n<input type=\"hidden\" name=\"_wpcf7_locale\" value=\"es_PE\" \/>\n<input type=\"hidden\" name=\"_wpcf7_unit_tag\" value=\"wpcf7-f684-o1\" \/>\n<input type=\"hidden\" name=\"_wpcf7_container_post\" value=\"0\" \/>\n<input type=\"hidden\" name=\"_wpcf7_posted_data_hash\" value=\"\" \/>\n<\/div>\n<div class=\"form-flat\">\n\t<p><span class=\"wpcf7-form-control-wrap\" data-name=\"nombres\"><input size=\"40\" maxlength=\"400\" class=\"wpcf7-form-control wpcf7-text wpcf7-validates-as-required\" aria-required=\"true\" aria-invalid=\"false\" placeholder=\"Nombres\" value=\"\" type=\"text\" name=\"nombres\" \/><\/span><br \/>\n<span class=\"wpcf7-form-control-wrap\" data-name=\"apellidos\"><input size=\"40\" maxlength=\"400\" class=\"wpcf7-form-control wpcf7-text wpcf7-validates-as-required\" aria-required=\"true\" aria-invalid=\"false\" placeholder=\"Apellidos\" value=\"\" type=\"text\" name=\"apellidos\" \/><\/span><br \/>\n<span class=\"wpcf7-form-control-wrap\" data-name=\"celular\"><input size=\"40\" maxlength=\"400\" class=\"wpcf7-form-control wpcf7-tel wpcf7-validates-as-required wpcf7-text wpcf7-validates-as-tel\" aria-required=\"true\" aria-invalid=\"false\" placeholder=\"Celular\" value=\"\" type=\"tel\" name=\"celular\" \/><\/span><br \/>\n<span class=\"wpcf7-form-control-wrap\" data-name=\"email\"><input size=\"40\" maxlength=\"400\" class=\"wpcf7-form-control wpcf7-email wpcf7-validates-as-required wpcf7-text wpcf7-validates-as-email\" aria-required=\"true\" aria-invalid=\"false\" placeholder=\"Correo electr\u00f3nico\" value=\"\" type=\"email\" name=\"email\" \/><\/span><br \/>\n<span class=\"wpcf7-form-control-wrap\" data-name=\"sedes\"><select class=\"wpcf7-form-control wpcf7-select wpcf7-validates-as-required\" aria-required=\"true\" aria-invalid=\"false\" name=\"sedes\"><option value=\"-- Seleccione Sede --\">-- Seleccione Sede --<\/option><option value=\"Arequipa\">Arequipa<\/option><option value=\"Huancayo\">Huancayo<\/option><option value=\"Ica\">Ica<\/option><option value=\"Lima\">Lima<\/option><option value=\"Pasco\">Pasco<\/option><option value=\"Trujillo\">Trujillo<\/option><\/select><\/span><br \/>\n<input class=\"wpcf7-form-control wpcf7-submit has-spinner button\" type=\"submit\" value=\"Enviar\" \/>\n\t<\/p>\n<\/div><div class=\"wpcf7-response-output\" aria-hidden=\"true\"><\/div>\n<\/form>\n<\/div>\n\n\n\n              <\/div>\n           <\/div>\n                            \n<style>\n#text-box-1080000428 .text {\n  background-color: rgb(255, 255, 255);\n  font-size: 100%;\n}\n#text-box-1080000428 .text-inner {\n  padding: 30px 30px 30px 30px;\n}\n#text-box-1080000428 {\n  width: 85%;\n}\n@media (min-width:550px) {\n  #text-box-1080000428 {\n    width: 40%;\n  }\n}\n<\/style>\n    <\/div>\n \n\n        <\/div>\n      <\/div>\n\n            \n<style>\n#banner-1888996539 {\n  padding-top: 600px;\n}\n#banner-1888996539 .bg.bg-loaded {\n  background-image: url(https:\/\/www.cenesamperu.pe\/formacion-academica\/wp-content\/uploads\/2020\/12\/CRECE-PROFESIONALMENTE.jpg);\n}\n#banner-1888996539 .bg {\n  background-position: 0% 50%;\n}\n<\/style>\n  <\/div>\n\n\n\n\t\t<\/div>\n\n\t\t\n<style>\n#section_165448279 {\n  padding-top: 0px;\n  padding-bottom: 0px;\n}\n<\/style>\n\t<\/section>\n\t\n\t<section class=\"section\" id=\"section_126218\">\n\t\t<div class=\"bg section-bg fill bg-fill bg-loaded bg-loaded\" >\n\n\t\t\t\n\t\t\t\n\t\t\t\n\n\t\t<\/div>\n\n\t\t<div class=\"section-content relative\">\n\t\t\t\n\n<div class=\"slider-wrapper relative\" id=\"slider-2047044966\" >\n    <div class=\"slider slider-nav-dots-dashes-spaced slider-nav-circle slider-nav-normal slider-nav-dark slider-style-normal\"\n        data-flickity-options='{\n            \"cellAlign\": \"center\",\n            \"imagesLoaded\": true,\n            \"lazyLoad\": 1,\n            \"freeScroll\": false,\n            \"wrapAround\": true,\n            \"autoPlay\": 6000,\n            \"pauseAutoPlayOnHover\" : true,\n            \"prevNextButtons\": false,\n            \"contain\" : true,\n            \"adaptiveHeight\" : true,\n            \"dragThreshold\" : 10,\n            \"percentPosition\": true,\n            \"pageDots\": true,\n            \"rightToLeft\": false,\n            \"draggable\": true,\n            \"selectedAttraction\": 0.1,\n            \"parallax\" : 0,\n            \"friction\": 0.6        }'\n        >\n        \n\n\n  <div class=\"banner has-hover\" id=\"banner-1694941737\">\n          <div class=\"banner-inner fill\">\n        <div class=\"banner-bg fill\" >\n            <div class=\"bg fill bg-fill bg-loaded\"><\/div>\n                                    \n                    <\/div>\n        <div class=\"banner-layers container\">\n            <div class=\"fill banner-link\"><\/div>            \n\n   <div id=\"text-box-900402555\" class=\"text-box banner-layer x50 md-x50 lg-x50 y10 md-y10 lg-y10 res-text\">\n                                <div class=\"text \">\n              \n              <div class=\"text-inner text-center\">\n                  \n\n<h3 class=\"uppercase\"><strong>Sedes Per\u00fa<\/strong><\/h3>\n\n              <\/div>\n           <\/div>\n                            \n<style>\n#text-box-900402555 {\n  width: 60%;\n}\n#text-box-900402555 .text {\n  font-size: 100%;\n}\n<\/style>\n    <\/div>\n \n   <div id=\"text-box-1007842842\" class=\"text-box banner-layer x25 md-x10 lg-x5 y80 md-y85 lg-y90 res-text\">\n                                <div class=\"text \">\n              \n              <div class=\"text-inner text-left\">\n                  \n\n<div class=\"row\"  id=\"row-1059452040\">\n\n\n\t<div id=\"col-1128735008\" class=\"col small-12 large-12\"  >\n\t\t<div class=\"col-inner\"  >\n\t\t\t\n\t\t\t\n\n\n\t\t<div class=\"icon-box featured-box icon-box-left text-left is-small\"  style=\"margin:0px 0px 10px 0px;\">\n\t\t\t\t\t<div class=\"icon-box-img\" style=\"width: 32px\">\n\t\t\t\t<div class=\"icon\">\n\t\t\t\t\t<div class=\"icon-inner\" >\n\t\t\t\t\t\t<img decoding=\"async\" width=\"100\" height=\"147\" src=\"https:\/\/www.cenesamperu.pe\/formacion-academica\/wp-content\/uploads\/2020\/10\/pin-mapa-100.png\" class=\"attachment-medium size-medium\" alt=\"pin-mapa-100\" \/>\t\t\t\t\t<\/div>\n\t\t\t\t<\/div>\n\t\t\t<\/div>\n\t\t\t\t<div class=\"icon-box-text last-reset\">\n\t\t\t\t\t\t\t\t\t\n\n\t<div id=\"text-659754969\" class=\"text\">\n\t\t\n\n<h3>SEDE NORTE<\/h3>\n\t\t\n<style>\n#text-659754969 {\n  color: rgb(0,0,0);\n}\n<\/style>\n\t<\/div>\n\t\n\n\t\t<\/div>\n\t<\/div>\n\t\n\t\n\n\t<a class=\"plain\" href=\"https:\/\/www.facebook.com\/cenesamlima\" target=\"_blank\" rel=\"noopener noreferrer\" >\t<div class=\"icon-box featured-box icon-box-left text-left is-small\"  style=\"margin:0px 0px 10px 0px;\">\n\t\t\t\t\t<div class=\"icon-box-img\" style=\"width: 32px\">\n\t\t\t\t<div class=\"icon\">\n\t\t\t\t\t<div class=\"icon-inner\" >\n\t\t\t\t\t\t<img decoding=\"async\" width=\"100\" height=\"147\" src=\"https:\/\/www.cenesamperu.pe\/formacion-academica\/wp-content\/uploads\/2020\/10\/pin-mapa-100.png\" class=\"attachment-medium size-medium\" alt=\"pin-mapa-100\" \/>\t\t\t\t\t<\/div>\n\t\t\t\t<\/div>\n\t\t\t<\/div>\n\t\t\t\t<div class=\"icon-box-text last-reset\">\n\t\t\t\t\t\t\t\t\t\n\n\t<div id=\"text-756105009\" class=\"text\">\n\t\t\n\n<h3>SEDE LIMA<\/h3>\nAv. ArenalesN\u00b0 956 Of. 304, Jesus Maria\n\t\t\n<style>\n#text-756105009 {\n  color: rgb(0,0,0);\n}\n<\/style>\n\t<\/div>\n\t\n\n\t\t<\/div>\n\t<\/div>\n\t<\/a>\n\t\n\n\t\t<div class=\"icon-box featured-box icon-box-left text-left is-small\"  style=\"margin:0px 0px 10px 0px;\">\n\t\t\t\t\t<div class=\"icon-box-img\" style=\"width: 32px\">\n\t\t\t\t<div class=\"icon\">\n\t\t\t\t\t<div class=\"icon-inner\" >\n\t\t\t\t\t\t<img decoding=\"async\" width=\"100\" height=\"147\" src=\"https:\/\/www.cenesamperu.pe\/formacion-academica\/wp-content\/uploads\/2020\/10\/pin-mapa-100.png\" class=\"attachment-medium size-medium\" alt=\"pin-mapa-100\" \/>\t\t\t\t\t<\/div>\n\t\t\t\t<\/div>\n\t\t\t<\/div>\n\t\t\t\t<div class=\"icon-box-text last-reset\">\n\t\t\t\t\t\t\t\t\t\n\n\t<div id=\"text-315155583\" class=\"text\">\n\t\t\n\n<h3>SEDE CENTRO<\/h3>\n\t\t\n<style>\n#text-315155583 {\n  color: rgb(0,0,0);\n}\n<\/style>\n\t<\/div>\n\t\n\n\t\t<\/div>\n\t<\/div>\n\t\n\t\n\n\t\t<div class=\"icon-box featured-box icon-box-left text-left is-small\"  style=\"margin:0px 0px 10px 0px;\">\n\t\t\t\t\t<div class=\"icon-box-img\" style=\"width: 32px\">\n\t\t\t\t<div class=\"icon\">\n\t\t\t\t\t<div class=\"icon-inner\" >\n\t\t\t\t\t\t<img decoding=\"async\" width=\"100\" height=\"147\" src=\"https:\/\/www.cenesamperu.pe\/formacion-academica\/wp-content\/uploads\/2020\/10\/pin-mapa-100.png\" class=\"attachment-medium size-medium\" alt=\"pin-mapa-100\" \/>\t\t\t\t\t<\/div>\n\t\t\t\t<\/div>\n\t\t\t<\/div>\n\t\t\t\t<div class=\"icon-box-text last-reset\">\n\t\t\t\t\t\t\t\t\t\n\n\t<div id=\"text-2921636532\" class=\"text\">\n\t\t\n\n<h3><a href=\"_wp_link_placeholder\" data-wplink-edit=\"true\">SEDE SUR<\/a><\/h3>\n\t\t\n<style>\n#text-2921636532 {\n  color: rgb(0,0,0);\n}\n<\/style>\n\t<\/div>\n\t\n\n\t\t<\/div>\n\t<\/div>\n\t\n\t\n\n\t\t<\/div>\n\t\t\t<\/div>\n\n\t\n\n<\/div>\n\n              <\/div>\n           <\/div>\n                            \n<style>\n#text-box-1007842842 {\n  width: 55%;\n}\n#text-box-1007842842 .text {\n  font-size: 100%;\n}\n@media (min-width:550px) {\n  #text-box-1007842842 {\n    width: 32%;\n  }\n}\n@media (min-width:850px) {\n  #text-box-1007842842 .text {\n    font-size: 100%;\n  }\n}\n<\/style>\n    <\/div>\n \n\n        <\/div>\n      <\/div>\n\n            \n<style>\n#banner-1694941737 {\n  padding-top: 600px;\n}\n#banner-1694941737 .bg.bg-loaded {\n  background-image: url(https:\/\/www.cenesamperu.pe\/formacion-academica\/wp-content\/uploads\/2021\/01\/mapas.png);\n}\n#banner-1694941737 .bg {\n  background-position: 15% 100%;\n}\n<\/style>\n  <\/div>\n\n\n\n  <div class=\"banner has-hover\" id=\"banner-636763349\">\n          <div class=\"banner-inner fill\">\n        <div class=\"banner-bg fill\" >\n            <div class=\"bg fill bg-fill bg-loaded\"><\/div>\n                                    \n                    <\/div>\n        <div class=\"banner-layers container\">\n            <div class=\"fill banner-link\"><\/div>            \n\n   <div id=\"text-box-350056572\" class=\"text-box banner-layer x50 md-x50 lg-x50 y10 md-y10 lg-y10 res-text\">\n                                <div class=\"text \">\n              \n              <div class=\"text-inner text-center\">\n                  \n\n<h3 class=\"uppercase\"><strong>Sede Bolivia<\/strong><\/h3>\n\n              <\/div>\n           <\/div>\n                            \n<style>\n#text-box-350056572 {\n  width: 60%;\n}\n#text-box-350056572 .text {\n  font-size: 100%;\n}\n<\/style>\n    <\/div>\n \n   <div id=\"text-box-958542562\" class=\"text-box banner-layer x80 md-x85 lg-x80 y50 md-y80 lg-y80 res-text\">\n                                <div class=\"text \">\n              \n              <div class=\"text-inner text-center\">\n                  \n\n<div class=\"row align-middle\"  id=\"row-1692556413\">\n\n\n\t<div id=\"col-1560050467\" class=\"col medium-6 small-12 large-6\"  >\n\t\t<div class=\"col-inner text-left\"  >\n\t\t\t\n\t\t\t\n\n\n\t<a class=\"plain\" href=\"https:\/\/www.facebook.com\/cenesamsedebolivia\" target=\"_blank\" rel=\"noopener noreferrer\" >\t<div class=\"icon-box featured-box icon-box-left text-left is-xsmall\"  style=\"margin:0px 0px 20px 0px;\">\n\t\t\t\t\t<div class=\"icon-box-img\" style=\"width: 30px\">\n\t\t\t\t<div class=\"icon\">\n\t\t\t\t\t<div class=\"icon-inner\" >\n\t\t\t\t\t\t<img decoding=\"async\" width=\"100\" height=\"147\" src=\"https:\/\/www.cenesamperu.pe\/formacion-academica\/wp-content\/uploads\/2020\/10\/pin-mapa-100.png\" class=\"attachment-medium size-medium\" alt=\"pin-mapa-100\" \/>\t\t\t\t\t<\/div>\n\t\t\t\t<\/div>\n\t\t\t<\/div>\n\t\t\t\t<div class=\"icon-box-text last-reset\">\n\t\t\t\t\t\t\t\t\t\n\n\t<div id=\"text-3373264318\" class=\"text\">\n\t\t\n\n<h3>SEDE SUCRE<\/h3>\nPasaje Tarabuco N\u00b0 89\n\t\t\n<style>\n#text-3373264318 {\n  line-height: 2;\n  color: rgb(0,0,0);\n}\n<\/style>\n\t<\/div>\n\t\n\n\t\t<\/div>\n\t<\/div>\n\t<\/a>\n\t\n\n\t\t<\/div>\n\t\t\n<style>\n#col-1560050467 > .col-inner {\n  margin: 0px 0px 0px 20px;\n}\n<\/style>\n\t<\/div>\n\n\t\n\n<\/div>\n\n              <\/div>\n           <\/div>\n                            \n<style>\n#text-box-958542562 {\n  width: 55%;\n}\n#text-box-958542562 .text {\n  font-size: 100%;\n}\n@media (min-width:550px) {\n  #text-box-958542562 {\n    width: 55%;\n  }\n}\n@media (min-width:850px) {\n  #text-box-958542562 {\n    width: 39%;\n  }\n}\n<\/style>\n    <\/div>\n \n\n        <\/div>\n      <\/div>\n\n            \n<style>\n#banner-636763349 {\n  padding-top: 600px;\n}\n#banner-636763349 .bg.bg-loaded {\n  background-image: url(https:\/\/www.cenesamperu.pe\/formacion-academica\/wp-content\/uploads\/2021\/01\/mapas.png);\n}\n#banner-636763349 .bg {\n  background-position: 61% 100%;\n}\n<\/style>\n  <\/div>\n\n\n\n  <div class=\"banner has-hover\" id=\"banner-862224397\">\n          <div class=\"banner-inner fill\">\n        <div class=\"banner-bg fill\" >\n            <div class=\"bg fill bg-fill bg-loaded\"><\/div>\n                                    \n                    <\/div>\n        <div class=\"banner-layers container\">\n            <div class=\"fill banner-link\"><\/div>            \n\n   <div id=\"text-box-1629127345\" class=\"text-box banner-layer x50 md-x50 lg-x50 y10 md-y10 lg-y10 res-text\">\n                                <div class=\"text \">\n              \n              <div class=\"text-inner text-center\">\n                  \n\n<h3 class=\"uppercase\"><strong>Sedes Espa\u00f1a<\/strong><\/h3>\n\n              <\/div>\n           <\/div>\n                            \n<style>\n#text-box-1629127345 {\n  width: 60%;\n}\n#text-box-1629127345 .text {\n  font-size: 100%;\n}\n<\/style>\n    <\/div>\n \n   <div id=\"text-box-1099228680\" class=\"text-box banner-layer x20 md-x95 lg-x100 y20 md-y20 lg-y20 res-text\">\n                                <div class=\"text \">\n              \n              <div class=\"text-inner text-right\">\n                  \n\n<div class=\"row row-collapse row-full-width align-middle\"  id=\"row-1960513262\">\n\n\n\t<div id=\"col-30741352\" class=\"col small-12 large-12\"  >\n\t\t<div class=\"col-inner\"  >\n\t\t\t\n\t\t\t\n\n\n\t<a class=\"plain\" href=\"https:\/\/www.facebook.com\/cenesameuropa\" target=\"_blank\" rel=\"noopener noreferrer\" >\t<div class=\"icon-box featured-box icon-box-right text-right is-small\"  style=\"margin:0px 0px 25px 0px;\">\n\t\t\t\t\t<div class=\"icon-box-img\" style=\"width: 30px\">\n\t\t\t\t<div class=\"icon\">\n\t\t\t\t\t<div class=\"icon-inner\" >\n\t\t\t\t\t\t<img decoding=\"async\" width=\"100\" height=\"147\" src=\"https:\/\/www.cenesamperu.pe\/formacion-academica\/wp-content\/uploads\/2020\/10\/pin-mapa-100.png\" class=\"attachment-medium size-medium\" alt=\"pin-mapa-100\" \/>\t\t\t\t\t<\/div>\n\t\t\t\t<\/div>\n\t\t\t<\/div>\n\t\t\t\t<div class=\"icon-box-text last-reset\">\n\t\t\t\t\t\t\t\t\t\n\n\t<div id=\"text-3549455883\" class=\"text\">\n\t\t\n\n<h3>SEDE MADRID<\/h3>\nPaseo de la Castellana N\u00b0 135 7ma planta\n\t\t\n<style>\n#text-3549455883 {\n  color: rgb(0,0,0);\n}\n<\/style>\n\t<\/div>\n\t\n\n\t\t<\/div>\n\t<\/div>\n\t<\/a>\n\t\n\n\t\t<\/div>\n\t\t\t<\/div>\n\n\t\n\n<\/div>\n\n              <\/div>\n           <\/div>\n                            \n<style>\n#text-box-1099228680 {\n  width: 58%;\n}\n#text-box-1099228680 .text {\n  font-size: 100%;\n}\n@media (min-width:550px) {\n  #text-box-1099228680 {\n    width: 50%;\n  }\n}\n<\/style>\n    <\/div>\n \n   <div id=\"text-box-1191249089\" class=\"text-box banner-layer x100 md-x100 lg-x100 y90 md-y90 lg-y90 res-text\">\n                                <div class=\"text \">\n              \n              <div class=\"text-inner text-right\">\n                  \n\n<div class=\"row row-collapse row-full-width\"  id=\"row-487170971\">\n\n\n\t<div id=\"col-89065756\" class=\"col small-12 large-12\"  >\n\t\t<div class=\"col-inner\"  >\n\t\t\t\n\t\t\t\n\n\n\t\t<div class=\"icon-box featured-box icon-box-right text-right is-small\"  >\n\t\t\t\t\t<div class=\"icon-box-img\" style=\"width: 30px\">\n\t\t\t\t<div class=\"icon\">\n\t\t\t\t\t<div class=\"icon-inner\" >\n\t\t\t\t\t\t<img decoding=\"async\" width=\"100\" height=\"147\" src=\"https:\/\/www.cenesamperu.pe\/formacion-academica\/wp-content\/uploads\/2020\/10\/pin-mapa-100.png\" class=\"attachment-medium size-medium\" alt=\"pin-mapa-100\" \/>\t\t\t\t\t<\/div>\n\t\t\t\t<\/div>\n\t\t\t<\/div>\n\t\t\t\t<div class=\"icon-box-text last-reset\">\n\t\t\t\t\t\t\t\t\t\n\n\t<div id=\"text-1094413292\" class=\"text\">\n\t\t\n\n<h3>SEDE TOLEDO<\/h3>\nPol\u00edgono Industrial N\u00b0 504 Alamilla Burujun\n\t\t\n<style>\n#text-1094413292 {\n  color: rgb(0,0,0);\n}\n<\/style>\n\t<\/div>\n\t\n\n\t\t<\/div>\n\t<\/div>\n\t\n\t\n\n\t\t<\/div>\n\t\t\t<\/div>\n\n\t\n\n<\/div>\n\n              <\/div>\n           <\/div>\n                            \n<style>\n#text-box-1191249089 {\n  width: 50%;\n}\n#text-box-1191249089 .text {\n  font-size: 100%;\n}\n<\/style>\n    <\/div>\n \n\n        <\/div>\n      <\/div>\n\n            \n<style>\n#banner-862224397 {\n  padding-top: 600px;\n}\n#banner-862224397 .bg.bg-loaded {\n  background-image: url(https:\/\/www.cenesamperu.pe\/formacion-academica\/wp-content\/uploads\/2021\/01\/mapas.png);\n}\n#banner-862224397 .bg {\n  background-position: 100% 100%;\n}\n<\/style>\n  <\/div>\n\n\n\n     <\/div>\n\n     <div class=\"loading-spin dark large centered\"><\/div>\n\n     <\/div>\n\n\n\n\t\t<\/div>\n\n\t\t\n<style>\n#section_126218 {\n  padding-top: 0px;\n  padding-bottom: 0px;\n}\n<\/style>\n\t<\/section>\n\t\n\t<section class=\"section\" id=\"section_1452992731\">\n\t\t<div class=\"bg section-bg fill bg-fill bg-loaded bg-loaded\" >\n\n\t\t\t\n\t\t\t\n\t\t\t\n\n\t\t<\/div>\n\n\t\t<div class=\"section-content relative\">\n\t\t\t\n\n<div class=\"row\"  id=\"row-1279959451\">\n\n\n\t<div id=\"col-1475776414\" class=\"col small-12 large-12\"  >\n\t\t<div class=\"col-inner\"  >\n\t\t\t\n\t\t\t\n\n\t<div id=\"text-2416300744\" class=\"text\">\n\t\t\n\n<h2 class=\"uppercase\">Nuestro equipo<\/h2>\n\t\t\n<style>\n#text-2416300744 {\n  text-align: center;\n}\n<\/style>\n\t<\/div>\n\t\n\n\t\t<\/div>\n\t\t\t<\/div>\n\n\t\n\n<\/div>\n<div class=\"row align-middle\"  id=\"row-1162841554\">\n\n\n\t<div id=\"col-505038778\" class=\"col medium-6 small-12 large-6\"  >\n\t\t<div class=\"col-inner box-shadow-2\"  >\n\t\t\t\n\t\t\t\n\n<p style=\"text-align:justify\">Nosotros creemos en el trabajo en equipo, ya que es una herramienta que nos permite obtener los mejores resultados. Trabajamos por y para nuestros clientes, siempre con la mejor actitud y en un buen ambiente laboral. <\/p>\n<p style=\"text-align:justify\">Estamos totalmente enfocados en lograr la excelencia en nuestros servicios. Adem\u00e1s, nuestra cultura corporativa nos permite que todos nuestros colaboradores desempe\u00f1en buenas pr\u00e1cticas y todos nuestros valores est\u00e9n presentes en nuestras actividades.<\/p>\n<p style=\"text-align:justify\">Por lo tanto, queremos siempre estar en contacto con nuestro p\u00fablico. Es por eso que les dejamos los correos electr\u00f3nicos de contacto de nuestras gerencias: <\/p>\n<p><b>Gerencia de Administraci\u00f3n:<\/b><br \/>\n<a href=\"mailto:administracion@cenesamperu.pe\">administracion@cenesamperu.pe<\/a><\/p>\n<p><b>Gerencia acad\u00e9mica:<\/b><br \/>\n<a href=\"mailto:gerenciaacademica@cenesamperu.pe\">gerenciaacademica@cenesamperu.pe<\/a><\/p>\n<p><b>Gerencia de calidad<\/b>:<br \/>\n<a href=\"mailto:calidad@cenesamperu.pe\">calidad@cenesamperu.pe<\/a><\/p>\n\n\t\t<\/div>\n\t\t\n<style>\n#col-505038778 > .col-inner {\n  padding: 25px 25px 10px 25px;\n}\n<\/style>\n\t<\/div>\n\n\t\n\n\t<div id=\"col-1185636476\" class=\"col medium-6 small-12 large-6\"  >\n\t\t<div class=\"col-inner text-center\"  >\n\t\t\t\n\t\t\t\n\n\t<div class=\"img has-hover x md-x lg-x y md-y lg-y\" id=\"image_1361734630\">\n\t\t\t\t\t\t\t\t<div class=\"img-inner box-shadow-3 dark\" >\n\t\t\t<img fetchpriority=\"high\" decoding=\"async\" width=\"600\" height=\"600\" src=\"https:\/\/www.cenesamperu.pe\/formacion-academica\/wp-content\/uploads\/2020\/10\/NUESTRO-EQUIPO.jpg\" class=\"attachment-large size-large\" alt=\"NUESTRO EQUIPO\" srcset=\"https:\/\/www.cenesamperu.pe\/formacion-academica\/wp-content\/uploads\/2020\/10\/NUESTRO-EQUIPO.jpg 600w, https:\/\/www.cenesamperu.pe\/formacion-academica\/wp-content\/uploads\/2020\/10\/NUESTRO-EQUIPO-300x300.jpg 300w, https:\/\/www.cenesamperu.pe\/formacion-academica\/wp-content\/uploads\/2020\/10\/NUESTRO-EQUIPO-150x150.jpg 150w, https:\/\/www.cenesamperu.pe\/formacion-academica\/wp-content\/uploads\/2020\/10\/NUESTRO-EQUIPO-100x100.jpg 100w\" sizes=\"(max-width: 600px) 100vw, 600px\" \/>\t\t\t\t\t\t\n\t\t\t\t\t<\/div>\n\t\t\t\t\t\t\t\t\n<style>\n#image_1361734630 {\n  width: 100%;\n}\n<\/style>\n\t<\/div>\n\t\n\n\n\t\t<\/div>\n\t\t\t<\/div>\n\n\t\n\n<\/div>\n\n\t\t<\/div>\n\n\t\t\n<style>\n#section_1452992731 {\n  padding-top: 45px;\n  padding-bottom: 45px;\n}\n<\/style>\n\t<\/section>\n\t\n\n","protected":false},"excerpt":{"rendered":"","protected":false},"author":1,"featured_media":0,"parent":0,"menu_order":0,"comment_status":"closed","ping_status":"closed","template":"page-blank.php","meta":{"footnotes":""},"class_list":["post-673","page","type-page","status-publish","hentry"],"_links":{"self":[{"href":"https:\/\/www.cenesamperu.pe\/formacion-academica\/wp-json\/wp\/v2\/pages\/673","targetHints":{"allow":["GET"]}}],"collection":[{"href":"https:\/\/www.cenesamperu.pe\/formacion-academica\/wp-json\/wp\/v2\/pages"}],"about":[{"href":"https:\/\/www.cenesamperu.pe\/formacion-academica\/wp-json\/wp\/v2\/types\/page"}],"author":[{"embeddable":true,"href":"https:\/\/www.cenesamperu.pe\/formacion-academica\/wp-json\/wp\/v2\/users\/1"}],"replies":[{"embeddable":true,"href":"https:\/\/www.cenesamperu.pe\/formacion-academica\/wp-json\/wp\/v2\/comments?post=673"}],"version-history":[{"count":219,"href":"https:\/\/www.cenesamperu.pe\/formacion-academica\/wp-json\/wp\/v2\/pages\/673\/revisions"}],"predecessor-version":[{"id":2167,"href":"https:\/\/www.cenesamperu.pe\/formacion-academica\/wp-json\/wp\/v2\/pages\/673\/revisions\/2167"}],"wp:attachment":[{"href":"https:\/\/www.cenesamperu.pe\/formacion-academica\/wp-json\/wp\/v2\/media?parent=673"}],"curies":[{"name":"wp","href":"https:\/\/api.w.org\/{rel}","templated":true}]}}