{"id":798,"date":"2020-10-27T12:21:12","date_gmt":"2020-10-27T17:21:12","guid":{"rendered":"https:\/\/techness.pe\/cenesam\/?page_id=798"},"modified":"2021-01-05T20:29:07","modified_gmt":"2021-01-06T01:29:07","slug":"eventos","status":"publish","type":"page","link":"https:\/\/www.cenesamperu.pe\/formacion-academica\/eventos\/","title":{"rendered":"Eventos"},"content":{"rendered":"\n\n  <div class=\"banner has-hover\" id=\"banner-413635113\">\n          <div class=\"banner-inner fill\">\n        <div class=\"banner-bg fill\" >\n            <div class=\"bg fill bg-fill bg-loaded\"><\/div>\n                                    \n                    <\/div>\n        <div class=\"banner-layers container\">\n            <div class=\"fill banner-link\"><\/div>            \n\n   <div id=\"text-box-549460327\" class=\"text-box banner-layer x50 md-x50 lg-x50 y50 md-y50 lg-y50 res-text\">\n                                <div class=\"text dark\">\n              \n              <div class=\"text-inner text-center\">\n                  \n\n<h3 class=\"uppercase\"><strong>Eventos<\/strong><\/h3>\n\n              <\/div>\n           <\/div>\n                            \n<style>\n#text-box-549460327 {\n  width: 60%;\n}\n#text-box-549460327 .text {\n  font-size: 100%;\n}\n<\/style>\n    <\/div>\n \n\n        <\/div>\n      <\/div>\n\n            \n<style>\n#banner-413635113 {\n  padding-top: 200px;\n  background-color: rgb(25, 135, 69);\n}\n<\/style>\n  <\/div>\n\n\n\t<section class=\"section\" id=\"section_1831164929\">\n\t\t<div class=\"bg section-bg fill bg-fill bg-loaded bg-loaded\" >\n\n\t\t\t\n\t\t\t\n\t\t\t\n\n\t\t<\/div>\n\n\t\t<div class=\"section-content relative\">\n\t\t\t\n\n\n  \n    <div class=\"row large-columns-3 medium-columns-1 small-columns-1 slider row-slider slider-nav-reveal slider-nav-push\"  data-flickity-options='{\"imagesLoaded\": true, \"groupCells\": \"100%\", \"dragThreshold\" : 5, \"cellAlign\": \"left\",\"wrapAround\": true,\"prevNextButtons\": true,\"percentPosition\": true,\"pageDots\": false, \"rightToLeft\": false, \"autoPlay\" : false}'>\n\n  \t\t<div class=\"col post-item\" >\n\t\t\t<div class=\"col-inner\">\n\t\t\t<a href=\"https:\/\/www.cenesamperu.pe\/formacion-academica\/diplomado-tratamiento-de-aguas-residuales\/\" class=\"plain\">\n\t\t\t\t<div class=\"box box-normal box-text-bottom box-blog-post has-hover\">\n            \t\t\t\t\t<div class=\"box-image\" >\n  \t\t\t\t\t\t<div class=\"image-cover\" style=\"padding-top:56%;\">\n  \t\t\t\t\t\t\t<img decoding=\"async\" width=\"1\" height=\"1\" src=\"https:\/\/www.cenesamperu.pe\/formacion-academica\/wp-content\/uploads\/2021\/03\/AFICHE_DIPLOMADO_TRATAMIENTO-DE-AGUAS-RESIDUALES_Mesa-de-trabajo-1-copia-1.jpg\" class=\"attachment-medium size-medium wp-post-image\" alt=\"\" \/>  \t\t\t\t\t\t\t  \t\t\t\t\t\t\t  \t\t\t\t\t\t<\/div>\n  \t\t\t\t\t\t  \t\t\t\t\t<\/div>\n          \t\t\t\t\t<div class=\"box-text text-center\" >\n\t\t\t\t\t<div class=\"box-text-inner blog-post-inner\">\n\n\t\t\t\t\t\n\t\t\t\t\t\t\t\t\t\t\t<p class=\"cat-label  is-xxsmall op-7 uppercase\">\n\t\t\t\t\tevento \t\t\t\t\t<\/p>\n\t\t\t\t\t\t\t\t\t\t<h5 class=\"post-title is-large \">DIPLOMADO TRATAMIENTO DE AGUAS RESIDUALES<\/h5>\n\t\t\t\t\t\t\t\t\t\t<div class=\"is-divider\"><\/div>\n\t\t\t\t\t                    \n\t\t\t\t\t\t\t\t\t\t\t<button href=\"https:\/\/www.cenesamperu.pe\/formacion-academica\/diplomado-tratamiento-de-aguas-residuales\/\" class=\"button  is-shade is-small mb-0\">\n\t\t\t\t\t\t\tVer m\u00e1s\t\t\t\t\t\t<\/button>\n\t\t\t\t\t\n\t\t\t\t\t\n\t\t\t\t\t<\/div>\n\t\t\t\t\t<\/div>\n\t\t\t\t\t\t\t\t\t\t\t\t\t\t\t\t<div class=\"badge absolute top post-date badge-outline\">\n\t\t\t\t\t\t\t<div class=\"badge-inner\">\n\t\t\t\t\t\t\t\t<span class=\"post-date-day\">12<\/span><br>\n\t\t\t\t\t\t\t\t<span class=\"post-date-month is-xsmall\">Mar<\/span>\n\t\t\t\t\t\t\t<\/div>\n\t\t\t\t\t\t<\/div>\n\t\t\t\t\t\t\t\t\t<\/div>\n\t\t\t\t<\/a>\n\t\t\t<\/div>\n\t\t<\/div>\n\t\t<div class=\"col post-item\" >\n\t\t\t<div class=\"col-inner\">\n\t\t\t<a href=\"https:\/\/www.cenesamperu.pe\/formacion-academica\/curso-supervision-en-trabajos-en-alto-riesgo\/\" class=\"plain\">\n\t\t\t\t<div class=\"box box-normal box-text-bottom box-blog-post has-hover\">\n            \t\t\t\t\t<div class=\"box-image\" >\n  \t\t\t\t\t\t<div class=\"image-cover\" style=\"padding-top:56%;\">\n  \t\t\t\t\t\t\t<img fetchpriority=\"high\" decoding=\"async\" width=\"300\" height=\"300\" src=\"https:\/\/www.cenesamperu.pe\/formacion-academica\/wp-content\/uploads\/2021\/03\/AFICHES-CURSO-SUPERVISION-EN-TRABAJO-EN-ALTO-RIESGO_Mesa-de-trabajo-1-copia-2-300x300.jpg\" class=\"attachment-medium size-medium wp-post-image\" alt=\"\" srcset=\"https:\/\/www.cenesamperu.pe\/formacion-academica\/wp-content\/uploads\/2021\/03\/AFICHES-CURSO-SUPERVISION-EN-TRABAJO-EN-ALTO-RIESGO_Mesa-de-trabajo-1-copia-2-300x300.jpg 300w, https:\/\/www.cenesamperu.pe\/formacion-academica\/wp-content\/uploads\/2021\/03\/AFICHES-CURSO-SUPERVISION-EN-TRABAJO-EN-ALTO-RIESGO_Mesa-de-trabajo-1-copia-2-1024x1024.jpg 1024w, https:\/\/www.cenesamperu.pe\/formacion-academica\/wp-content\/uploads\/2021\/03\/AFICHES-CURSO-SUPERVISION-EN-TRABAJO-EN-ALTO-RIESGO_Mesa-de-trabajo-1-copia-2-150x150.jpg 150w, https:\/\/www.cenesamperu.pe\/formacion-academica\/wp-content\/uploads\/2021\/03\/AFICHES-CURSO-SUPERVISION-EN-TRABAJO-EN-ALTO-RIESGO_Mesa-de-trabajo-1-copia-2-768x768.jpg 768w, https:\/\/www.cenesamperu.pe\/formacion-academica\/wp-content\/uploads\/2021\/03\/AFICHES-CURSO-SUPERVISION-EN-TRABAJO-EN-ALTO-RIESGO_Mesa-de-trabajo-1-copia-2-1536x1536.jpg 1536w, https:\/\/www.cenesamperu.pe\/formacion-academica\/wp-content\/uploads\/2021\/03\/AFICHES-CURSO-SUPERVISION-EN-TRABAJO-EN-ALTO-RIESGO_Mesa-de-trabajo-1-copia-2-2048x2048.jpg 2048w, https:\/\/www.cenesamperu.pe\/formacion-academica\/wp-content\/uploads\/2021\/03\/AFICHES-CURSO-SUPERVISION-EN-TRABAJO-EN-ALTO-RIESGO_Mesa-de-trabajo-1-copia-2-600x600.jpg 600w, https:\/\/www.cenesamperu.pe\/formacion-academica\/wp-content\/uploads\/2021\/03\/AFICHES-CURSO-SUPERVISION-EN-TRABAJO-EN-ALTO-RIESGO_Mesa-de-trabajo-1-copia-2-100x100.jpg 100w\" sizes=\"(max-width: 300px) 100vw, 300px\" \/>  \t\t\t\t\t\t\t  \t\t\t\t\t\t\t  \t\t\t\t\t\t<\/div>\n  \t\t\t\t\t\t  \t\t\t\t\t<\/div>\n          \t\t\t\t\t<div class=\"box-text text-center\" >\n\t\t\t\t\t<div class=\"box-text-inner blog-post-inner\">\n\n\t\t\t\t\t\n\t\t\t\t\t\t\t\t\t\t\t<p class=\"cat-label  is-xxsmall op-7 uppercase\">\n\t\t\t\t\tevento \t\t\t\t\t<\/p>\n\t\t\t\t\t\t\t\t\t\t<h5 class=\"post-title is-large \">CURSO SUPERVISI\u00d3N EN TRABAJOS EN ALTO RIESGO<\/h5>\n\t\t\t\t\t\t\t\t\t\t<div class=\"is-divider\"><\/div>\n\t\t\t\t\t                    \n\t\t\t\t\t\t\t\t\t\t\t<button href=\"https:\/\/www.cenesamperu.pe\/formacion-academica\/curso-supervision-en-trabajos-en-alto-riesgo\/\" class=\"button  is-shade is-small mb-0\">\n\t\t\t\t\t\t\tVer m\u00e1s\t\t\t\t\t\t<\/button>\n\t\t\t\t\t\n\t\t\t\t\t\n\t\t\t\t\t<\/div>\n\t\t\t\t\t<\/div>\n\t\t\t\t\t\t\t\t\t\t\t\t\t\t\t\t<div class=\"badge absolute top post-date badge-outline\">\n\t\t\t\t\t\t\t<div class=\"badge-inner\">\n\t\t\t\t\t\t\t\t<span class=\"post-date-day\">12<\/span><br>\n\t\t\t\t\t\t\t\t<span class=\"post-date-month is-xsmall\">Mar<\/span>\n\t\t\t\t\t\t\t<\/div>\n\t\t\t\t\t\t<\/div>\n\t\t\t\t\t\t\t\t\t<\/div>\n\t\t\t\t<\/a>\n\t\t\t<\/div>\n\t\t<\/div>\n\t\t<div class=\"col post-item\" >\n\t\t\t<div class=\"col-inner\">\n\t\t\t<a href=\"https:\/\/www.cenesamperu.pe\/formacion-academica\/diplomado-monitoreo-ambiental-y-ocupacional\/\" class=\"plain\">\n\t\t\t\t<div class=\"box box-normal box-text-bottom box-blog-post has-hover\">\n            \t\t\t\t\t<div class=\"box-image\" >\n  \t\t\t\t\t\t<div class=\"image-cover\" style=\"padding-top:56%;\">\n  \t\t\t\t\t\t\t<img decoding=\"async\" width=\"300\" height=\"300\" src=\"https:\/\/www.cenesamperu.pe\/formacion-academica\/wp-content\/uploads\/2021\/03\/AFICHE-MONITOREO-AMBIENTAL-Y-OCUPACIONAL_Mesa-de-trabajo-1-300x300.jpg\" class=\"attachment-medium size-medium wp-post-image\" alt=\"\" srcset=\"https:\/\/www.cenesamperu.pe\/formacion-academica\/wp-content\/uploads\/2021\/03\/AFICHE-MONITOREO-AMBIENTAL-Y-OCUPACIONAL_Mesa-de-trabajo-1-300x300.jpg 300w, https:\/\/www.cenesamperu.pe\/formacion-academica\/wp-content\/uploads\/2021\/03\/AFICHE-MONITOREO-AMBIENTAL-Y-OCUPACIONAL_Mesa-de-trabajo-1-1024x1024.jpg 1024w, https:\/\/www.cenesamperu.pe\/formacion-academica\/wp-content\/uploads\/2021\/03\/AFICHE-MONITOREO-AMBIENTAL-Y-OCUPACIONAL_Mesa-de-trabajo-1-150x150.jpg 150w, https:\/\/www.cenesamperu.pe\/formacion-academica\/wp-content\/uploads\/2021\/03\/AFICHE-MONITOREO-AMBIENTAL-Y-OCUPACIONAL_Mesa-de-trabajo-1-768x768.jpg 768w, https:\/\/www.cenesamperu.pe\/formacion-academica\/wp-content\/uploads\/2021\/03\/AFICHE-MONITOREO-AMBIENTAL-Y-OCUPACIONAL_Mesa-de-trabajo-1-1536x1536.jpg 1536w, https:\/\/www.cenesamperu.pe\/formacion-academica\/wp-content\/uploads\/2021\/03\/AFICHE-MONITOREO-AMBIENTAL-Y-OCUPACIONAL_Mesa-de-trabajo-1-2048x2048.jpg 2048w, https:\/\/www.cenesamperu.pe\/formacion-academica\/wp-content\/uploads\/2021\/03\/AFICHE-MONITOREO-AMBIENTAL-Y-OCUPACIONAL_Mesa-de-trabajo-1-600x600.jpg 600w, https:\/\/www.cenesamperu.pe\/formacion-academica\/wp-content\/uploads\/2021\/03\/AFICHE-MONITOREO-AMBIENTAL-Y-OCUPACIONAL_Mesa-de-trabajo-1-100x100.jpg 100w\" sizes=\"(max-width: 300px) 100vw, 300px\" \/>  \t\t\t\t\t\t\t  \t\t\t\t\t\t\t  \t\t\t\t\t\t<\/div>\n  \t\t\t\t\t\t  \t\t\t\t\t<\/div>\n          \t\t\t\t\t<div class=\"box-text text-center\" >\n\t\t\t\t\t<div class=\"box-text-inner blog-post-inner\">\n\n\t\t\t\t\t\n\t\t\t\t\t\t\t\t\t\t\t<p class=\"cat-label  is-xxsmall op-7 uppercase\">\n\t\t\t\t\tevento \t\t\t\t\t<\/p>\n\t\t\t\t\t\t\t\t\t\t<h5 class=\"post-title is-large \">DIPLOMADO MONITOREO AMBIENTAL Y OCUPACIONAL<\/h5>\n\t\t\t\t\t\t\t\t\t\t<div class=\"is-divider\"><\/div>\n\t\t\t\t\t                    \n\t\t\t\t\t\t\t\t\t\t\t<button href=\"https:\/\/www.cenesamperu.pe\/formacion-academica\/diplomado-monitoreo-ambiental-y-ocupacional\/\" class=\"button  is-shade is-small mb-0\">\n\t\t\t\t\t\t\tVer m\u00e1s\t\t\t\t\t\t<\/button>\n\t\t\t\t\t\n\t\t\t\t\t\n\t\t\t\t\t<\/div>\n\t\t\t\t\t<\/div>\n\t\t\t\t\t\t\t\t\t\t\t\t\t\t\t\t<div class=\"badge absolute top post-date badge-outline\">\n\t\t\t\t\t\t\t<div class=\"badge-inner\">\n\t\t\t\t\t\t\t\t<span class=\"post-date-day\">12<\/span><br>\n\t\t\t\t\t\t\t\t<span class=\"post-date-month is-xsmall\">Mar<\/span>\n\t\t\t\t\t\t\t<\/div>\n\t\t\t\t\t\t<\/div>\n\t\t\t\t\t\t\t\t\t<\/div>\n\t\t\t\t<\/a>\n\t\t\t<\/div>\n\t\t<\/div>\n\t\t<div class=\"col post-item\" >\n\t\t\t<div class=\"col-inner\">\n\t\t\t<a href=\"https:\/\/www.cenesamperu.pe\/formacion-academica\/economia-circular-y-valorizacion-de-residuos-solidos\/\" class=\"plain\">\n\t\t\t\t<div class=\"box box-normal box-text-bottom box-blog-post has-hover\">\n            \t\t\t\t\t<div class=\"box-image\" >\n  \t\t\t\t\t\t<div class=\"image-cover\" style=\"padding-top:56%;\">\n  \t\t\t\t\t\t\t<img loading=\"lazy\" decoding=\"async\" width=\"300\" height=\"169\" src=\"https:\/\/www.cenesamperu.pe\/formacion-academica\/wp-content\/uploads\/2021\/02\/WhatsApp-Image-2021-02-01-at-8.10.48-PM-2-1-300x169.jpeg\" class=\"attachment-medium size-medium wp-post-image\" alt=\"\" srcset=\"https:\/\/www.cenesamperu.pe\/formacion-academica\/wp-content\/uploads\/2021\/02\/WhatsApp-Image-2021-02-01-at-8.10.48-PM-2-1-300x169.jpeg 300w, https:\/\/www.cenesamperu.pe\/formacion-academica\/wp-content\/uploads\/2021\/02\/WhatsApp-Image-2021-02-01-at-8.10.48-PM-2-1-1024x576.jpeg 1024w, https:\/\/www.cenesamperu.pe\/formacion-academica\/wp-content\/uploads\/2021\/02\/WhatsApp-Image-2021-02-01-at-8.10.48-PM-2-1-768x432.jpeg 768w, https:\/\/www.cenesamperu.pe\/formacion-academica\/wp-content\/uploads\/2021\/02\/WhatsApp-Image-2021-02-01-at-8.10.48-PM-2-1-600x338.jpeg 600w, https:\/\/www.cenesamperu.pe\/formacion-academica\/wp-content\/uploads\/2021\/02\/WhatsApp-Image-2021-02-01-at-8.10.48-PM-2-1.jpeg 1280w\" sizes=\"(max-width: 300px) 100vw, 300px\" \/>  \t\t\t\t\t\t\t  \t\t\t\t\t\t\t  \t\t\t\t\t\t<\/div>\n  \t\t\t\t\t\t  \t\t\t\t\t<\/div>\n          \t\t\t\t\t<div class=\"box-text text-center\" >\n\t\t\t\t\t<div class=\"box-text-inner blog-post-inner\">\n\n\t\t\t\t\t\n\t\t\t\t\t\t\t\t\t\t\t<p class=\"cat-label  is-xxsmall op-7 uppercase\">\n\t\t\t\t\tevento \t\t\t\t\t<\/p>\n\t\t\t\t\t\t\t\t\t\t<h5 class=\"post-title is-large \">ECONOM\u00cdA CIRCULAR Y VALORIZACI\u00d3N DE RESIDUOS S\u00d3LIDOS<\/h5>\n\t\t\t\t\t\t\t\t\t\t<div class=\"is-divider\"><\/div>\n\t\t\t\t\t                    \n\t\t\t\t\t\t\t\t\t\t\t<button href=\"https:\/\/www.cenesamperu.pe\/formacion-academica\/economia-circular-y-valorizacion-de-residuos-solidos\/\" class=\"button  is-shade is-small mb-0\">\n\t\t\t\t\t\t\tVer m\u00e1s\t\t\t\t\t\t<\/button>\n\t\t\t\t\t\n\t\t\t\t\t\n\t\t\t\t\t<\/div>\n\t\t\t\t\t<\/div>\n\t\t\t\t\t\t\t\t\t\t\t\t\t\t\t\t<div class=\"badge absolute top post-date badge-outline\">\n\t\t\t\t\t\t\t<div class=\"badge-inner\">\n\t\t\t\t\t\t\t\t<span class=\"post-date-day\">05<\/span><br>\n\t\t\t\t\t\t\t\t<span class=\"post-date-month is-xsmall\">Feb<\/span>\n\t\t\t\t\t\t\t<\/div>\n\t\t\t\t\t\t<\/div>\n\t\t\t\t\t\t\t\t\t<\/div>\n\t\t\t\t<\/a>\n\t\t\t<\/div>\n\t\t<\/div>\n\t\t<div class=\"col post-item\" >\n\t\t\t<div class=\"col-inner\">\n\t\t\t<a href=\"https:\/\/www.cenesamperu.pe\/formacion-academica\/diplomado-supervision-en-medio-ambiente\/\" class=\"plain\">\n\t\t\t\t<div class=\"box box-normal box-text-bottom box-blog-post has-hover\">\n            \t\t\t\t\t<div class=\"box-image\" >\n  \t\t\t\t\t\t<div class=\"image-cover\" style=\"padding-top:56%;\">\n  \t\t\t\t\t\t\t<img loading=\"lazy\" decoding=\"async\" width=\"300\" height=\"300\" src=\"https:\/\/www.cenesamperu.pe\/formacion-academica\/wp-content\/uploads\/2021\/02\/WhatsApp-Image-2021-02-01-at-8.10.48-PM-4-300x300.jpeg\" class=\"attachment-medium size-medium wp-post-image\" alt=\"\" srcset=\"https:\/\/www.cenesamperu.pe\/formacion-academica\/wp-content\/uploads\/2021\/02\/WhatsApp-Image-2021-02-01-at-8.10.48-PM-4-300x300.jpeg 300w, https:\/\/www.cenesamperu.pe\/formacion-academica\/wp-content\/uploads\/2021\/02\/WhatsApp-Image-2021-02-01-at-8.10.48-PM-4-150x150.jpeg 150w, https:\/\/www.cenesamperu.pe\/formacion-academica\/wp-content\/uploads\/2021\/02\/WhatsApp-Image-2021-02-01-at-8.10.48-PM-4-100x100.jpeg 100w, https:\/\/www.cenesamperu.pe\/formacion-academica\/wp-content\/uploads\/2021\/02\/WhatsApp-Image-2021-02-01-at-8.10.48-PM-4.jpeg 500w\" sizes=\"(max-width: 300px) 100vw, 300px\" \/>  \t\t\t\t\t\t\t  \t\t\t\t\t\t\t  \t\t\t\t\t\t<\/div>\n  \t\t\t\t\t\t  \t\t\t\t\t<\/div>\n          \t\t\t\t\t<div class=\"box-text text-center\" >\n\t\t\t\t\t<div class=\"box-text-inner blog-post-inner\">\n\n\t\t\t\t\t\n\t\t\t\t\t\t\t\t\t\t\t<p class=\"cat-label  is-xxsmall op-7 uppercase\">\n\t\t\t\t\tevento \t\t\t\t\t<\/p>\n\t\t\t\t\t\t\t\t\t\t<h5 class=\"post-title is-large \">DIPLOMADO SUPERVISI\u00d3N EN MEDIO AMBIENTE<\/h5>\n\t\t\t\t\t\t\t\t\t\t<div class=\"is-divider\"><\/div>\n\t\t\t\t\t                    \n\t\t\t\t\t\t\t\t\t\t\t<button href=\"https:\/\/www.cenesamperu.pe\/formacion-academica\/diplomado-supervision-en-medio-ambiente\/\" class=\"button  is-shade is-small mb-0\">\n\t\t\t\t\t\t\tVer m\u00e1s\t\t\t\t\t\t<\/button>\n\t\t\t\t\t\n\t\t\t\t\t\n\t\t\t\t\t<\/div>\n\t\t\t\t\t<\/div>\n\t\t\t\t\t\t\t\t\t\t\t\t\t\t\t\t<div class=\"badge absolute top post-date badge-outline\">\n\t\t\t\t\t\t\t<div class=\"badge-inner\">\n\t\t\t\t\t\t\t\t<span class=\"post-date-day\">05<\/span><br>\n\t\t\t\t\t\t\t\t<span class=\"post-date-month is-xsmall\">Feb<\/span>\n\t\t\t\t\t\t\t<\/div>\n\t\t\t\t\t\t<\/div>\n\t\t\t\t\t\t\t\t\t<\/div>\n\t\t\t\t<\/a>\n\t\t\t<\/div>\n\t\t<\/div>\n\t\t<div class=\"col post-item\" >\n\t\t\t<div class=\"col-inner\">\n\t\t\t<a href=\"https:\/\/www.cenesamperu.pe\/formacion-academica\/diplomado-ssomac\/\" class=\"plain\">\n\t\t\t\t<div class=\"box box-normal box-text-bottom box-blog-post has-hover\">\n            \t\t\t\t\t<div class=\"box-image\" >\n  \t\t\t\t\t\t<div class=\"image-cover\" style=\"padding-top:56%;\">\n  \t\t\t\t\t\t\t<img loading=\"lazy\" decoding=\"async\" width=\"300\" height=\"169\" src=\"https:\/\/www.cenesamperu.pe\/formacion-academica\/wp-content\/uploads\/2021\/02\/WhatsApp-Image-2021-02-01-at-8.10.48-PM-3-1-300x169.jpeg\" class=\"attachment-medium size-medium wp-post-image\" alt=\"\" srcset=\"https:\/\/www.cenesamperu.pe\/formacion-academica\/wp-content\/uploads\/2021\/02\/WhatsApp-Image-2021-02-01-at-8.10.48-PM-3-1-300x169.jpeg 300w, https:\/\/www.cenesamperu.pe\/formacion-academica\/wp-content\/uploads\/2021\/02\/WhatsApp-Image-2021-02-01-at-8.10.48-PM-3-1-1024x576.jpeg 1024w, https:\/\/www.cenesamperu.pe\/formacion-academica\/wp-content\/uploads\/2021\/02\/WhatsApp-Image-2021-02-01-at-8.10.48-PM-3-1-768x432.jpeg 768w, https:\/\/www.cenesamperu.pe\/formacion-academica\/wp-content\/uploads\/2021\/02\/WhatsApp-Image-2021-02-01-at-8.10.48-PM-3-1-600x338.jpeg 600w, https:\/\/www.cenesamperu.pe\/formacion-academica\/wp-content\/uploads\/2021\/02\/WhatsApp-Image-2021-02-01-at-8.10.48-PM-3-1.jpeg 1280w\" sizes=\"(max-width: 300px) 100vw, 300px\" \/>  \t\t\t\t\t\t\t  \t\t\t\t\t\t\t  \t\t\t\t\t\t<\/div>\n  \t\t\t\t\t\t  \t\t\t\t\t<\/div>\n          \t\t\t\t\t<div class=\"box-text text-center\" >\n\t\t\t\t\t<div class=\"box-text-inner blog-post-inner\">\n\n\t\t\t\t\t\n\t\t\t\t\t\t\t\t\t\t\t<p class=\"cat-label  is-xxsmall op-7 uppercase\">\n\t\t\t\t\tevento \t\t\t\t\t<\/p>\n\t\t\t\t\t\t\t\t\t\t<h5 class=\"post-title is-large \">DIPLOMADO SSOMAC<\/h5>\n\t\t\t\t\t\t\t\t\t\t<div class=\"is-divider\"><\/div>\n\t\t\t\t\t                    \n\t\t\t\t\t\t\t\t\t\t\t<button href=\"https:\/\/www.cenesamperu.pe\/formacion-academica\/diplomado-ssomac\/\" class=\"button  is-shade is-small mb-0\">\n\t\t\t\t\t\t\tVer m\u00e1s\t\t\t\t\t\t<\/button>\n\t\t\t\t\t\n\t\t\t\t\t\n\t\t\t\t\t<\/div>\n\t\t\t\t\t<\/div>\n\t\t\t\t\t\t\t\t\t\t\t\t\t\t\t\t<div class=\"badge absolute top post-date badge-outline\">\n\t\t\t\t\t\t\t<div class=\"badge-inner\">\n\t\t\t\t\t\t\t\t<span class=\"post-date-day\">05<\/span><br>\n\t\t\t\t\t\t\t\t<span class=\"post-date-month is-xsmall\">Feb<\/span>\n\t\t\t\t\t\t\t<\/div>\n\t\t\t\t\t\t<\/div>\n\t\t\t\t\t\t\t\t\t<\/div>\n\t\t\t\t<\/a>\n\t\t\t<\/div>\n\t\t<\/div>\n\t\t<div class=\"col post-item\" >\n\t\t\t<div class=\"col-inner\">\n\t\t\t<a href=\"https:\/\/www.cenesamperu.pe\/formacion-academica\/diplomado-seguridad-salud-ocupacional-medio-ambiente-y-calidad\/\" class=\"plain\">\n\t\t\t\t<div class=\"box box-normal box-text-bottom box-blog-post has-hover\">\n            \t\t\t\t\t<div class=\"box-image\" >\n  \t\t\t\t\t\t<div class=\"image-cover\" style=\"padding-top:56%;\">\n  \t\t\t\t\t\t\t<img loading=\"lazy\" decoding=\"async\" width=\"300\" height=\"225\" src=\"https:\/\/www.cenesamperu.pe\/formacion-academica\/wp-content\/uploads\/2020\/10\/DIPLOMADO-SSOMAC-300x225.jpg\" class=\"attachment-medium size-medium wp-post-image\" alt=\"DIPLOMADO-SSOMAC\" srcset=\"https:\/\/www.cenesamperu.pe\/formacion-academica\/wp-content\/uploads\/2020\/10\/DIPLOMADO-SSOMAC-300x225.jpg 300w, https:\/\/www.cenesamperu.pe\/formacion-academica\/wp-content\/uploads\/2020\/10\/DIPLOMADO-SSOMAC-768x576.jpg 768w, https:\/\/www.cenesamperu.pe\/formacion-academica\/wp-content\/uploads\/2020\/10\/DIPLOMADO-SSOMAC-600x450.jpg 600w, https:\/\/www.cenesamperu.pe\/formacion-academica\/wp-content\/uploads\/2020\/10\/DIPLOMADO-SSOMAC.jpg 800w\" sizes=\"(max-width: 300px) 100vw, 300px\" \/>  \t\t\t\t\t\t\t  \t\t\t\t\t\t\t  \t\t\t\t\t\t<\/div>\n  \t\t\t\t\t\t  \t\t\t\t\t<\/div>\n          \t\t\t\t\t<div class=\"box-text text-center\" >\n\t\t\t\t\t<div class=\"box-text-inner blog-post-inner\">\n\n\t\t\t\t\t\n\t\t\t\t\t\t\t\t\t\t\t<p class=\"cat-label  is-xxsmall op-7 uppercase\">\n\t\t\t\t\tevento \t\t\t\t\t<\/p>\n\t\t\t\t\t\t\t\t\t\t<h5 class=\"post-title is-large \">DIPLOMADO SEGURIDAD, SALUD OCUPACIONAL MEDIO AMBIENTE Y CALIDAD<\/h5>\n\t\t\t\t\t\t\t\t\t\t<div class=\"is-divider\"><\/div>\n\t\t\t\t\t                    \n\t\t\t\t\t\t\t\t\t\t\t<button href=\"https:\/\/www.cenesamperu.pe\/formacion-academica\/diplomado-seguridad-salud-ocupacional-medio-ambiente-y-calidad\/\" class=\"button  is-shade is-small mb-0\">\n\t\t\t\t\t\t\tVer m\u00e1s\t\t\t\t\t\t<\/button>\n\t\t\t\t\t\n\t\t\t\t\t\n\t\t\t\t\t<\/div>\n\t\t\t\t\t<\/div>\n\t\t\t\t\t\t\t\t\t\t\t\t\t\t\t\t<div class=\"badge absolute top post-date badge-outline\">\n\t\t\t\t\t\t\t<div class=\"badge-inner\">\n\t\t\t\t\t\t\t\t<span class=\"post-date-day\">27<\/span><br>\n\t\t\t\t\t\t\t\t<span class=\"post-date-month is-xsmall\">Oct<\/span>\n\t\t\t\t\t\t\t<\/div>\n\t\t\t\t\t\t<\/div>\n\t\t\t\t\t\t\t\t\t<\/div>\n\t\t\t\t<\/a>\n\t\t\t<\/div>\n\t\t<\/div>\n\t\t<div class=\"col post-item\" >\n\t\t\t<div class=\"col-inner\">\n\t\t\t<a href=\"https:\/\/www.cenesamperu.pe\/formacion-academica\/diplomado-gestion-elaboracion-y-evaluacion-de-estudios-de-impacto-ambiental\/\" class=\"plain\">\n\t\t\t\t<div class=\"box box-normal box-text-bottom box-blog-post has-hover\">\n            \t\t\t\t\t<div class=\"box-image\" >\n  \t\t\t\t\t\t<div class=\"image-cover\" style=\"padding-top:56%;\">\n  \t\t\t\t\t\t\t<img loading=\"lazy\" decoding=\"async\" width=\"300\" height=\"225\" src=\"https:\/\/www.cenesamperu.pe\/formacion-academica\/wp-content\/uploads\/2020\/10\/DIPLOMADO-EIA-300x225.jpg\" class=\"attachment-medium size-medium wp-post-image\" alt=\"DIPLOMADO-EIA\" srcset=\"https:\/\/www.cenesamperu.pe\/formacion-academica\/wp-content\/uploads\/2020\/10\/DIPLOMADO-EIA-300x225.jpg 300w, https:\/\/www.cenesamperu.pe\/formacion-academica\/wp-content\/uploads\/2020\/10\/DIPLOMADO-EIA-768x576.jpg 768w, https:\/\/www.cenesamperu.pe\/formacion-academica\/wp-content\/uploads\/2020\/10\/DIPLOMADO-EIA-600x450.jpg 600w, https:\/\/www.cenesamperu.pe\/formacion-academica\/wp-content\/uploads\/2020\/10\/DIPLOMADO-EIA.jpg 800w\" sizes=\"(max-width: 300px) 100vw, 300px\" \/>  \t\t\t\t\t\t\t  \t\t\t\t\t\t\t  \t\t\t\t\t\t<\/div>\n  \t\t\t\t\t\t  \t\t\t\t\t<\/div>\n          \t\t\t\t\t<div class=\"box-text text-center\" >\n\t\t\t\t\t<div class=\"box-text-inner blog-post-inner\">\n\n\t\t\t\t\t\n\t\t\t\t\t\t\t\t\t\t\t<p class=\"cat-label  is-xxsmall op-7 uppercase\">\n\t\t\t\t\tevento \t\t\t\t\t<\/p>\n\t\t\t\t\t\t\t\t\t\t<h5 class=\"post-title is-large \">DIPLOMADO GESTI\u00d3N, ELABORACI\u00d3N Y EVALUACI\u00d3N DE ESTUDIOS DE IMPACTO AMBIENTAL<\/h5>\n\t\t\t\t\t\t\t\t\t\t<div class=\"is-divider\"><\/div>\n\t\t\t\t\t                    \n\t\t\t\t\t\t\t\t\t\t\t<button href=\"https:\/\/www.cenesamperu.pe\/formacion-academica\/diplomado-gestion-elaboracion-y-evaluacion-de-estudios-de-impacto-ambiental\/\" class=\"button  is-shade is-small mb-0\">\n\t\t\t\t\t\t\tVer m\u00e1s\t\t\t\t\t\t<\/button>\n\t\t\t\t\t\n\t\t\t\t\t\n\t\t\t\t\t<\/div>\n\t\t\t\t\t<\/div>\n\t\t\t\t\t\t\t\t\t\t\t\t\t\t\t\t<div class=\"badge absolute top post-date badge-outline\">\n\t\t\t\t\t\t\t<div class=\"badge-inner\">\n\t\t\t\t\t\t\t\t<span class=\"post-date-day\">27<\/span><br>\n\t\t\t\t\t\t\t\t<span class=\"post-date-month is-xsmall\">Oct<\/span>\n\t\t\t\t\t\t\t<\/div>\n\t\t\t\t\t\t<\/div>\n\t\t\t\t\t\t\t\t\t<\/div>\n\t\t\t\t<\/a>\n\t\t\t<\/div>\n\t\t<\/div>\n\t\t<div class=\"col post-item\" >\n\t\t\t<div class=\"col-inner\">\n\t\t\t<a href=\"https:\/\/www.cenesamperu.pe\/formacion-academica\/curso-de-especializacion-fiscalizacion-ambiental\/\" class=\"plain\">\n\t\t\t\t<div class=\"box box-normal box-text-bottom box-blog-post has-hover\">\n            \t\t\t\t\t<div class=\"box-image\" >\n  \t\t\t\t\t\t<div class=\"image-cover\" style=\"padding-top:56%;\">\n  \t\t\t\t\t\t\t<img loading=\"lazy\" decoding=\"async\" width=\"300\" height=\"225\" src=\"https:\/\/www.cenesamperu.pe\/formacion-academica\/wp-content\/uploads\/2020\/10\/fiscalizacion-300x225.jpg\" class=\"attachment-medium size-medium wp-post-image\" alt=\"diplomado fiscalizaci\u00f3n ambiental\" srcset=\"https:\/\/www.cenesamperu.pe\/formacion-academica\/wp-content\/uploads\/2020\/10\/fiscalizacion-300x225.jpg 300w, https:\/\/www.cenesamperu.pe\/formacion-academica\/wp-content\/uploads\/2020\/10\/fiscalizacion-768x576.jpg 768w, https:\/\/www.cenesamperu.pe\/formacion-academica\/wp-content\/uploads\/2020\/10\/fiscalizacion-600x450.jpg 600w, https:\/\/www.cenesamperu.pe\/formacion-academica\/wp-content\/uploads\/2020\/10\/fiscalizacion.jpg 800w\" sizes=\"(max-width: 300px) 100vw, 300px\" \/>  \t\t\t\t\t\t\t  \t\t\t\t\t\t\t  \t\t\t\t\t\t<\/div>\n  \t\t\t\t\t\t  \t\t\t\t\t<\/div>\n          \t\t\t\t\t<div class=\"box-text text-center\" >\n\t\t\t\t\t<div class=\"box-text-inner blog-post-inner\">\n\n\t\t\t\t\t\n\t\t\t\t\t\t\t\t\t\t\t<p class=\"cat-label  is-xxsmall op-7 uppercase\">\n\t\t\t\t\tevento \t\t\t\t\t<\/p>\n\t\t\t\t\t\t\t\t\t\t<h5 class=\"post-title is-large \">CURSO DE ESPECIALIZACI\u00d3N FISCALIZACI\u00d3N AMBIENTAL<\/h5>\n\t\t\t\t\t\t\t\t\t\t<div class=\"is-divider\"><\/div>\n\t\t\t\t\t                    \n\t\t\t\t\t\t\t\t\t\t\t<button href=\"https:\/\/www.cenesamperu.pe\/formacion-academica\/curso-de-especializacion-fiscalizacion-ambiental\/\" class=\"button  is-shade is-small mb-0\">\n\t\t\t\t\t\t\tVer m\u00e1s\t\t\t\t\t\t<\/button>\n\t\t\t\t\t\n\t\t\t\t\t\n\t\t\t\t\t<\/div>\n\t\t\t\t\t<\/div>\n\t\t\t\t\t\t\t\t\t\t\t\t\t\t\t\t<div class=\"badge absolute top post-date badge-outline\">\n\t\t\t\t\t\t\t<div class=\"badge-inner\">\n\t\t\t\t\t\t\t\t<span class=\"post-date-day\">27<\/span><br>\n\t\t\t\t\t\t\t\t<span class=\"post-date-month is-xsmall\">Oct<\/span>\n\t\t\t\t\t\t\t<\/div>\n\t\t\t\t\t\t<\/div>\n\t\t\t\t\t\t\t\t\t<\/div>\n\t\t\t\t<\/a>\n\t\t\t<\/div>\n\t\t<\/div>\n<\/div>\n\n\n\t\t<\/div>\n\n\t\t\n<style>\n#section_1831164929 {\n  padding-top: 30px;\n  padding-bottom: 30px;\n}\n<\/style>\n\t<\/section>\n\t\n\n","protected":false},"excerpt":{"rendered":"","protected":false},"author":1,"featured_media":0,"parent":0,"menu_order":0,"comment_status":"closed","ping_status":"closed","template":"page-blank.php","meta":{"footnotes":""},"class_list":["post-798","page","type-page","status-publish","hentry"],"_links":{"self":[{"href":"https:\/\/www.cenesamperu.pe\/formacion-academica\/wp-json\/wp\/v2\/pages\/798","targetHints":{"allow":["GET"]}}],"collection":[{"href":"https:\/\/www.cenesamperu.pe\/formacion-academica\/wp-json\/wp\/v2\/pages"}],"about":[{"href":"https:\/\/www.cenesamperu.pe\/formacion-academica\/wp-json\/wp\/v2\/types\/page"}],"author":[{"embeddable":true,"href":"https:\/\/www.cenesamperu.pe\/formacion-academica\/wp-json\/wp\/v2\/users\/1"}],"replies":[{"embeddable":true,"href":"https:\/\/www.cenesamperu.pe\/formacion-academica\/wp-json\/wp\/v2\/comments?post=798"}],"version-history":[{"count":12,"href":"https:\/\/www.cenesamperu.pe\/formacion-academica\/wp-json\/wp\/v2\/pages\/798\/revisions"}],"predecessor-version":[{"id":1650,"href":"https:\/\/www.cenesamperu.pe\/formacion-academica\/wp-json\/wp\/v2\/pages\/798\/revisions\/1650"}],"wp:attachment":[{"href":"https:\/\/www.cenesamperu.pe\/formacion-academica\/wp-json\/wp\/v2\/media?parent=798"}],"curies":[{"name":"wp","href":"https:\/\/api.w.org\/{rel}","templated":true}]}}